{"id":702322,"date":"2026-03-18T17:15:42","date_gmt":"2026-03-18T16:15:42","guid":{"rendered":"https:\/\/shop.kustom.ch\/?post_type=product&#038;p=702322"},"modified":"2026-03-27T13:20:42","modified_gmt":"2026-03-27T12:20:42","slug":"hypervent-wind-top-w","status":"publish","type":"product","link":"https:\/\/shop.kustom.ch\/en\/product\/hypervent-wind-top-w\/","title":{"rendered":"Hypervent Wind Top W"},"content":{"rendered":"<p>Hypervent Wind Top is a very light, wind-repellent running jersey for intensive training in windy conditions. <\/p>\n<p>This highly functional running jersey is made from a thin, stretchy and wind-resistant material and has perforations on the back that provide excellent temperature management. Rib-knit cuffs at the collar, sleeve ends and bottom hem ensure a secure fit, while a zipped side pocket keeps your keys safe. Can be worn solo or combined as part of a layered look on cooler spring and autumn days.<\/p>\n<p>- Wind-resistant and elasticated material made from recycled polyamide and elastane<br \/>\n- Ventilation perforations at the back<br \/>\n- Ribbed cuffs and collar<br \/>\n- Thumb hole at the sleeve ends<br \/>\n- Side pocket with zip<br \/>\n- Normal cut<\/p>","protected":false},"excerpt":{"rendered":"<p>Hypervent Wind Top ist ein sehr leichtes, windabweisendes Lauftrikot f\u00fcr intensives Training bei windigen Bedingungen. Dieses hochfunktionelle Lauftrikot ist aus einem d\u00fcnnen, elastischen und windabweisenden Material gefertigt und verf\u00fcgt \u00fcber Perforationen am R\u00fccken, die ein hervorragendes Temperaturmanagement bieten. Rippstrickb\u00fcndchen an Kragen, \u00c4rmelenden und unterem Saum sorgen f\u00fcr einen sicheren Sitz, w\u00e4hrend eine Reissverschluss-Seitentasche f\u00fcr eine [&hellip;]<\/p>\n","protected":false},"featured_media":702375,"template":"","meta":[],"product_brand":[],"product_cat":[4201],"product_tag":[],"class_list":{"0":"post-702322","1":"product","2":"type-product","3":"status-publish","4":"has-post-thumbnail","6":"product_cat-t-shirts","7":"pa_brand-craft","8":"pa_brand-type-sportswear","9":"pa_filter-color-grau","10":"pa_filter-color-schwarz","11":"pa_filter-color-violet","13":"first","14":"instock","15":"sale","16":"taxable","17":"shipping-taxable","18":"purchasable","19":"product-type-variable","20":"add-to-wishlist-before_image"},"exclude_global_add_ons":[],"addons":[],"acf":[],"_links":{"self":[{"href":"https:\/\/shop.kustom.ch\/en\/wp-json\/wp\/v2\/product\/702322"}],"collection":[{"href":"https:\/\/shop.kustom.ch\/en\/wp-json\/wp\/v2\/product"}],"about":[{"href":"https:\/\/shop.kustom.ch\/en\/wp-json\/wp\/v2\/types\/product"}],"wp:featuredmedia":[{"embeddable":true,"href":"https:\/\/shop.kustom.ch\/en\/wp-json\/wp\/v2\/media\/702375"}],"wp:attachment":[{"href":"https:\/\/shop.kustom.ch\/en\/wp-json\/wp\/v2\/media?parent=702322"}],"wp:term":[{"taxonomy":"product_brand","embeddable":true,"href":"https:\/\/shop.kustom.ch\/en\/wp-json\/wp\/v2\/product_brand?post=702322"},{"taxonomy":"product_cat","embeddable":true,"href":"https:\/\/shop.kustom.ch\/en\/wp-json\/wp\/v2\/product_cat?post=702322"},{"taxonomy":"product_tag","embeddable":true,"href":"https:\/\/shop.kustom.ch\/en\/wp-json\/wp\/v2\/product_tag?post=702322"}],"curies":[{"name":"wp","href":"https:\/\/api.w.org\/{rel}","templated":true}]}}