{"id":702319,"date":"2026-03-18T17:15:42","date_gmt":"2026-03-18T16:15:42","guid":{"rendered":"https:\/\/shop.kustom.ch\/?post_type=product&#038;p=702319"},"modified":"2026-03-27T13:20:22","modified_gmt":"2026-03-27T12:20:22","slug":"essence-wind-jacket-2-w","status":"publish","type":"product","link":"https:\/\/shop.kustom.ch\/en\/product\/essence-wind-jacket-2-w\/","title":{"rendered":"Essence Wind Jacket 2 W"},"content":{"rendered":"<p>The ADV Essence Wind Jacket 2 is a wind and water-repellent jacket designed for running, intensive training and similar activities.<\/p>\n<p>This versatile wind jacket is made from a lightweight, wind- and water-repellent fabric made from recycled materials and offers efficient moisture transport during intensive training sessions in windy conditions. Perforations in the centre back, under the arms and on the front shoulders provide improved ventilation, while an adjustable drawcord at the waist allows for a feminine fit. In addition, a zipped chest pocket and two zipped side pockets provide secure storage space for keys, energy bars and other essentials.<\/p>\n<p>- Wind and water-repellent ripstop material made from 100 % recycled polyester<br \/>\n- Perforations in the centre of the back, under the armpits and on the front shoulders<br \/>\n- Adjustable drawstring at the waist and bottom hem<br \/>\n- Elasticated sleeve ends<br \/>\n- Chest pocket with concealed zip<br \/>\n- Two side pockets with zip<br \/>\n- Normal cut<\/p>","protected":false},"excerpt":{"rendered":"<p>Die ADV Essence Wind Jacket 2 ist eine wind- und wasserabweisende Jacke, die f\u00fcr das Laufen, intensives Training und \u00e4hnliche Aktivit\u00e4ten entwickelt wurde. Diese vielseitige Windjacke besteht aus einem leichten, wind- und wasserabweisenden Material aus recycelten Materialien und bietet einen effizienten Feuchtigkeitstransport bei intensiven Trainingseinheiten unter windigen Bedingungen. Perforationen in der R\u00fcckenmitte, unter den Armen [&hellip;]<\/p>\n","protected":false},"featured_media":702337,"template":"","meta":[],"product_brand":[],"product_cat":[4186],"product_tag":[],"class_list":{"0":"post-702319","1":"product","2":"type-product","3":"status-publish","4":"has-post-thumbnail","6":"product_cat-jacken","7":"pa_brand-craft","8":"pa_brand-type-sportswear","9":"pa_filter-color-orange","10":"pa_filter-color-schwarz","11":"pa_filter-color-violet","12":"pa_filter-color-weiss","14":"first","15":"instock","16":"sale","17":"taxable","18":"shipping-taxable","19":"purchasable","20":"product-type-variable","21":"add-to-wishlist-before_image"},"exclude_global_add_ons":[],"addons":[],"acf":[],"_links":{"self":[{"href":"https:\/\/shop.kustom.ch\/en\/wp-json\/wp\/v2\/product\/702319"}],"collection":[{"href":"https:\/\/shop.kustom.ch\/en\/wp-json\/wp\/v2\/product"}],"about":[{"href":"https:\/\/shop.kustom.ch\/en\/wp-json\/wp\/v2\/types\/product"}],"wp:featuredmedia":[{"embeddable":true,"href":"https:\/\/shop.kustom.ch\/en\/wp-json\/wp\/v2\/media\/702337"}],"wp:attachment":[{"href":"https:\/\/shop.kustom.ch\/en\/wp-json\/wp\/v2\/media?parent=702319"}],"wp:term":[{"taxonomy":"product_brand","embeddable":true,"href":"https:\/\/shop.kustom.ch\/en\/wp-json\/wp\/v2\/product_brand?post=702319"},{"taxonomy":"product_cat","embeddable":true,"href":"https:\/\/shop.kustom.ch\/en\/wp-json\/wp\/v2\/product_cat?post=702319"},{"taxonomy":"product_tag","embeddable":true,"href":"https:\/\/shop.kustom.ch\/en\/wp-json\/wp\/v2\/product_tag?post=702319"}],"curies":[{"name":"wp","href":"https:\/\/api.w.org\/{rel}","templated":true}]}}