{"id":702181,"date":"2026-03-18T17:14:20","date_gmt":"2026-03-18T16:14:20","guid":{"rendered":"https:\/\/shop.kustom.ch\/?post_type=product&#038;p=702181"},"modified":"2026-03-27T13:19:19","modified_gmt":"2026-03-27T12:19:19","slug":"everyday-wind-jacket-w","status":"publish","type":"product","link":"https:\/\/shop.kustom.ch\/en\/product\/everyday-wind-jacket-w\/","title":{"rendered":"Everyday Wind Jacket W"},"content":{"rendered":"<p>Everyday Wind Jacket is a wind- and water-repellent cycling jacket designed for the daily commute to work and for rides in cool and windy conditions. <\/p>\n<p>This versatile windbreaker features a lightweight material made from recycled polyamide and offers excellent wind protection. A perforated insert at the upper back ensures improved breathability, while an adjustable drawcord at the bottom hem ensures a perfect fit. Easy to stow in your jersey pocket.<\/p>\n<p>- Wind and water-repellent material made from recycled polyamide and elastane<br \/>\n- Perforated fabric on the upper back<br \/>\n- Elasticated sleeve ends for a close fit around the wrist<br \/>\n- Two back pockets (one zip)<br \/>\n- Reflective prints and details<br \/>\n- Normal cut<\/p>","protected":false},"excerpt":{"rendered":"<p>Everyday Wind Jacket ist eine wind- und wasserabweisende Fahrradjacke, die f\u00fcr den t\u00e4glichen Weg zur Arbeit und f\u00fcr Fahrten bei k\u00fchlen und windigen Bedingungen entwickelt wurde. Diese vielseitige Windjacke verf\u00fcgt \u00fcber ein leichtes Material aus recyceltem Polyamid und bietet hervorragenden Windschutz. Ein perforierter Einsatz am oberen R\u00fccken sorgt f\u00fcr verbesserte Atmungsaktivit\u00e4t, w\u00e4hrend ein verstellbarer Kordelzug [&hellip;]<\/p>\n","protected":false},"featured_media":702240,"template":"","meta":[],"product_brand":[],"product_cat":[4186],"product_tag":[],"class_list":{"0":"post-702181","1":"product","2":"type-product","3":"status-publish","4":"has-post-thumbnail","6":"product_cat-jacken","7":"pa_brand-craft","8":"pa_brand-type-sportswear","9":"pa_filter-color-braun","10":"pa_filter-color-schwarz","12":"first","13":"instock","14":"sale","15":"taxable","16":"shipping-taxable","17":"purchasable","18":"product-type-variable","19":"add-to-wishlist-before_image"},"exclude_global_add_ons":[],"addons":[],"acf":[],"_links":{"self":[{"href":"https:\/\/shop.kustom.ch\/en\/wp-json\/wp\/v2\/product\/702181"}],"collection":[{"href":"https:\/\/shop.kustom.ch\/en\/wp-json\/wp\/v2\/product"}],"about":[{"href":"https:\/\/shop.kustom.ch\/en\/wp-json\/wp\/v2\/types\/product"}],"wp:featuredmedia":[{"embeddable":true,"href":"https:\/\/shop.kustom.ch\/en\/wp-json\/wp\/v2\/media\/702240"}],"wp:attachment":[{"href":"https:\/\/shop.kustom.ch\/en\/wp-json\/wp\/v2\/media?parent=702181"}],"wp:term":[{"taxonomy":"product_brand","embeddable":true,"href":"https:\/\/shop.kustom.ch\/en\/wp-json\/wp\/v2\/product_brand?post=702181"},{"taxonomy":"product_cat","embeddable":true,"href":"https:\/\/shop.kustom.ch\/en\/wp-json\/wp\/v2\/product_cat?post=702181"},{"taxonomy":"product_tag","embeddable":true,"href":"https:\/\/shop.kustom.ch\/en\/wp-json\/wp\/v2\/product_tag?post=702181"}],"curies":[{"name":"wp","href":"https:\/\/api.w.org\/{rel}","templated":true}]}}