{"id":702178,"date":"2026-03-18T17:14:20","date_gmt":"2026-03-18T16:14:20","guid":{"rendered":"https:\/\/shop.kustom.ch\/?post_type=product&#038;p=702178"},"modified":"2026-04-16T08:21:26","modified_gmt":"2026-04-16T07:21:26","slug":"hypervent-sleeve","status":"publish","type":"product","link":"https:\/\/shop.kustom.ch\/en\/product\/hypervent-sleeve\/","title":{"rendered":"Hypervent Sleeve"},"content":{"rendered":"<p>Hypervent Sleeves are ultra-lightweight, highly ventilated arm covers made from recycled polyester fabric. Designed for comfort, they offer protection at the start of a race or training session and can be easily stowed away in a pocket after warming up.<\/p>\n<p>- Super-light, elasticated mesh fabric made from recycled polyester and elastane<br \/>\n- Silicone gripper on the top for a secure fit<br \/>\n- Tight fit<\/p>","protected":false},"excerpt":{"rendered":"<p>Hypervent Sleeves sind ultraleichte, hochbel\u00fcftete Armbedeckungen aus recyceltem Polyestergewebe. Sie wurden f\u00fcr Komfort entwickelt und bieten Schutz zu Beginn eines Rennens oder Trainings und k\u00f6nnen nach dem Aufw\u00e4rmen leicht in einer Tasche verstaut werden. \u2022 Superleichtes, elastisches Netzgewebe aus recyceltem Polyester und Elasthan \u2022 Silikongreifer an der Oberseite f\u00fcr sicheren Sitz \u2022 Enge Passform<\/p>","protected":false},"featured_media":702212,"template":"","meta":[],"product_brand":[],"product_cat":[4209],"product_tag":[],"class_list":{"0":"post-702178","1":"product","2":"type-product","3":"status-publish","4":"has-post-thumbnail","6":"product_cat-zubehoer","7":"pa_brand-craft","8":"pa_brand-type-sportswear","9":"pa_filter-color-grau","10":"pa_filter-color-schwarz","12":"first","13":"instock","14":"sale","15":"taxable","16":"shipping-taxable","17":"purchasable","18":"product-type-variable","19":"add-to-wishlist-before_image"},"exclude_global_add_ons":[],"addons":[],"acf":[],"_links":{"self":[{"href":"https:\/\/shop.kustom.ch\/en\/wp-json\/wp\/v2\/product\/702178"}],"collection":[{"href":"https:\/\/shop.kustom.ch\/en\/wp-json\/wp\/v2\/product"}],"about":[{"href":"https:\/\/shop.kustom.ch\/en\/wp-json\/wp\/v2\/types\/product"}],"wp:featuredmedia":[{"embeddable":true,"href":"https:\/\/shop.kustom.ch\/en\/wp-json\/wp\/v2\/media\/702212"}],"wp:attachment":[{"href":"https:\/\/shop.kustom.ch\/en\/wp-json\/wp\/v2\/media?parent=702178"}],"wp:term":[{"taxonomy":"product_brand","embeddable":true,"href":"https:\/\/shop.kustom.ch\/en\/wp-json\/wp\/v2\/product_brand?post=702178"},{"taxonomy":"product_cat","embeddable":true,"href":"https:\/\/shop.kustom.ch\/en\/wp-json\/wp\/v2\/product_cat?post=702178"},{"taxonomy":"product_tag","embeddable":true,"href":"https:\/\/shop.kustom.ch\/en\/wp-json\/wp\/v2\/product_tag?post=702178"}],"curies":[{"name":"wp","href":"https:\/\/api.w.org\/{rel}","templated":true}]}}