{"id":702002,"date":"2026-03-18T17:12:10","date_gmt":"2026-03-18T16:12:10","guid":{"rendered":"https:\/\/shop.kustom.ch\/?post_type=product&#038;p=702002"},"modified":"2026-05-05T21:10:37","modified_gmt":"2026-05-05T20:10:37","slug":"hypervent-sleeveless-m","status":"publish","type":"product","link":"https:\/\/shop.kustom.ch\/en\/product\/hypervent-sleeveless-m\/","title":{"rendered":"Hypervent Sleeveless M"},"content":{"rendered":"<p>Hypervent Sleeveless is a highly breathable running top that keeps you cool and dry during intense daily workouts in hot conditions.<\/p>\n<p>This sleeveless, high-performance garment is made from a soft jersey fabric made from 100% recycled polyester and offers exceptional moisture wicking and comfort. Perforated details improve ventilation, while bonded trims at the front neck and bottom hem minimise chafing.<\/p>\n<p>- Jersey fabric made from 100 % recycled polyester<br \/>\n- Taped ends<br \/>\n- Perforated elements on the back<br \/>\n- Reflective logo on the front, back and sides<br \/>\n- Normal cut<\/p>","protected":false},"excerpt":{"rendered":"<p>Hypervent Sleeveless ist ein hoch atmungsaktives Lauftop, das dich bei intensiven t\u00e4glichen Workouts unter heissen Bedingungen k\u00fchl und trocken h\u00e4lt. Dieses \u00e4rmellose, leistungsstarke Kleidungsst\u00fcck besteht aus einem weichen Jerseygewebe aus 100% recyceltem Polyester und bietet aussergew\u00f6hnlichen Feuchtigkeitstransport und Komfort. Perforierte Details verbessern die Bel\u00fcftung, w\u00e4hrend verklebte Abschl\u00fcsse am vorderen Hals und am unteren Saum Scheuerstellen [&hellip;]<\/p>\n","protected":false},"featured_media":702060,"template":"","meta":[],"product_brand":[],"product_cat":[4202],"product_tag":[],"class_list":{"0":"post-702002","1":"product","2":"type-product","3":"status-publish","4":"has-post-thumbnail","6":"product_cat-tank-tops","7":"pa_brand-craft","8":"pa_brand-type-sportswear","9":"pa_filter-color-gelb","10":"pa_filter-color-grau","11":"pa_filter-color-weiss","13":"first","14":"instock","15":"sale","16":"taxable","17":"shipping-taxable","18":"purchasable","19":"product-type-variable","20":"add-to-wishlist-before_image"},"exclude_global_add_ons":[],"addons":[],"acf":[],"_links":{"self":[{"href":"https:\/\/shop.kustom.ch\/en\/wp-json\/wp\/v2\/product\/702002"}],"collection":[{"href":"https:\/\/shop.kustom.ch\/en\/wp-json\/wp\/v2\/product"}],"about":[{"href":"https:\/\/shop.kustom.ch\/en\/wp-json\/wp\/v2\/types\/product"}],"wp:featuredmedia":[{"embeddable":true,"href":"https:\/\/shop.kustom.ch\/en\/wp-json\/wp\/v2\/media\/702060"}],"wp:attachment":[{"href":"https:\/\/shop.kustom.ch\/en\/wp-json\/wp\/v2\/media?parent=702002"}],"wp:term":[{"taxonomy":"product_brand","embeddable":true,"href":"https:\/\/shop.kustom.ch\/en\/wp-json\/wp\/v2\/product_brand?post=702002"},{"taxonomy":"product_cat","embeddable":true,"href":"https:\/\/shop.kustom.ch\/en\/wp-json\/wp\/v2\/product_cat?post=702002"},{"taxonomy":"product_tag","embeddable":true,"href":"https:\/\/shop.kustom.ch\/en\/wp-json\/wp\/v2\/product_tag?post=702002"}],"curies":[{"name":"wp","href":"https:\/\/api.w.org\/{rel}","templated":true}]}}