{"id":701964,"date":"2026-03-18T17:11:33","date_gmt":"2026-03-18T16:11:33","guid":{"rendered":"https:\/\/shop.kustom.ch\/?post_type=product&#038;p=701964"},"modified":"2026-03-27T13:16:28","modified_gmt":"2026-03-27T12:16:28","slug":"everyday-hydro-jacket-m","status":"publish","type":"product","link":"https:\/\/shop.kustom.ch\/en\/product\/everyday-hydro-jacket-m\/","title":{"rendered":"Everyday Hydro Jacket M"},"content":{"rendered":"<p>Everyday Hydro Jacket is a wind and waterproof cycling jacket designed for the daily commute to work and for riding in wet and windy conditions.<\/p>\n<p>The jacket is made from windproof and waterproof fabric and has taped seams for full weather protection. In addition, the cycling jacket has a ventilation opening at the sides, two zipped front pockets and elasticated edging at the sleeve ends and bottom to keep out rain and wind. It also has a helmet-compatible hood that can be folded away and fastened to the rear collar with a button.<\/p>\n<p>- Wind and waterproof 2-layer fabric (WP 10,000\/MWP 10,000)<br \/>\n- Ventilation on the side panels<br \/>\n- Welded seams<br \/>\n- Elasticated edging at sleeve ends and underside<br \/>\n- Moulded, adjustable and helmet-compatible hood<br \/>\n- Two zipped front pockets<br \/>\n- Reflective prints and details<br \/>\n- Normal cut<\/p>","protected":false},"excerpt":{"rendered":"<p>Everyday Hydro Jacket ist eine wind- und wasserdichte Fahrradjacke, die f\u00fcr den t\u00e4glichen Weg zur Arbeit und f\u00fcr Fahrten bei nassen und windigen Bedingungen entwickelt wurde. Die Jacke ist aus wind- und wasserdichtem Stoff gefertigt und verf\u00fcgt \u00fcber getapte N\u00e4hte f\u00fcr vollen Wetterschutz. Dar\u00fcber hinaus verf\u00fcgt die Radjacke \u00fcber eine Bel\u00fcftungs\u00f6ffnung an den Seiten, zwei [&hellip;]<\/p>\n","protected":false},"featured_media":702008,"template":"","meta":[],"product_brand":[],"product_cat":[4186],"product_tag":[],"class_list":{"0":"post-701964","1":"product","2":"type-product","3":"status-publish","4":"has-post-thumbnail","6":"product_cat-jacken","7":"pa_brand-craft","8":"pa_brand-type-sportswear","9":"pa_filter-color-gelb","10":"pa_filter-color-schwarz","12":"first","13":"instock","14":"sale","15":"taxable","16":"shipping-taxable","17":"purchasable","18":"product-type-variable","19":"add-to-wishlist-before_image"},"exclude_global_add_ons":[],"addons":[],"acf":[],"_links":{"self":[{"href":"https:\/\/shop.kustom.ch\/en\/wp-json\/wp\/v2\/product\/701964"}],"collection":[{"href":"https:\/\/shop.kustom.ch\/en\/wp-json\/wp\/v2\/product"}],"about":[{"href":"https:\/\/shop.kustom.ch\/en\/wp-json\/wp\/v2\/types\/product"}],"wp:featuredmedia":[{"embeddable":true,"href":"https:\/\/shop.kustom.ch\/en\/wp-json\/wp\/v2\/media\/702008"}],"wp:attachment":[{"href":"https:\/\/shop.kustom.ch\/en\/wp-json\/wp\/v2\/media?parent=701964"}],"wp:term":[{"taxonomy":"product_brand","embeddable":true,"href":"https:\/\/shop.kustom.ch\/en\/wp-json\/wp\/v2\/product_brand?post=701964"},{"taxonomy":"product_cat","embeddable":true,"href":"https:\/\/shop.kustom.ch\/en\/wp-json\/wp\/v2\/product_cat?post=701964"},{"taxonomy":"product_tag","embeddable":true,"href":"https:\/\/shop.kustom.ch\/en\/wp-json\/wp\/v2\/product_tag?post=701964"}],"curies":[{"name":"wp","href":"https:\/\/api.w.org\/{rel}","templated":true}]}}