{"id":701963,"date":"2026-03-18T17:11:33","date_gmt":"2026-03-18T16:11:33","guid":{"rendered":"https:\/\/shop.kustom.ch\/?post_type=product&#038;p=701963"},"modified":"2026-03-27T13:16:17","modified_gmt":"2026-03-27T12:16:17","slug":"everyday-xt-shorts-m","status":"publish","type":"product","link":"https:\/\/shop.kustom.ch\/en\/product\/everyday-xt-shorts-m\/","title":{"rendered":"Everyday XT Shorts M"},"content":{"rendered":"<p>Everyday XT Shorts are hard-wearing, stretchy and loose-fitting bike shorts designed for rough and intensive MTB, enduro and gravel bike tours.<\/p>\n<p>These high-performance cycling shorts are made from a hard-wearing and elasticated polyamide fabric and offer high durability and excellent freedom of movement. The shorts also have a Velcro fastener at the waist to adjust the fit, as well as two open pockets and a zipped side pocket for secure storage of keys and other important items.<\/p>\n<p>- Stretchy, durable and breathable material made from recycled polyamide and elastane<br \/>\n- Anti-hook Velcro fastener at the waist<br \/>\n- Zip with button fastening<br \/>\n- Side pocket with zip<br \/>\n- Two front pockets<br \/>\n- Relaxed fit<\/p>","protected":false},"excerpt":{"rendered":"<p>Everyday XT Shorts sind strapazierf\u00e4hige, dehnbare und locker sitzende Bike Shorts, die f\u00fcr raue und intensive MTB-, Enduro- und Gravel-Radtouren entwickelt wurden. Diese High-Performance-Radshorts besteht aus einem strapazierf\u00e4higen und elastischen Polyamid-Gewebe und bietet eine hohe Haltbarkeit und exzellente Bewegungsfreiheit. Die Shorts verf\u00fcgen ausserdem \u00fcber einen Klettverschluss in der Taille, der den Sitz optimal einstellt, sowie [&hellip;]<\/p>\n","protected":false},"featured_media":701999,"template":"","meta":[],"product_brand":[],"product_cat":[4198],"product_tag":[],"class_list":{"0":"post-701963","1":"product","2":"type-product","3":"status-publish","4":"has-post-thumbnail","6":"product_cat-shorts","7":"pa_brand-craft","8":"pa_brand-type-sportswear","9":"pa_filter-color-schwarz","11":"first","12":"instock","13":"sale","14":"taxable","15":"shipping-taxable","16":"purchasable","17":"product-type-variable","18":"add-to-wishlist-before_image"},"exclude_global_add_ons":[],"addons":[],"acf":[],"_links":{"self":[{"href":"https:\/\/shop.kustom.ch\/en\/wp-json\/wp\/v2\/product\/701963"}],"collection":[{"href":"https:\/\/shop.kustom.ch\/en\/wp-json\/wp\/v2\/product"}],"about":[{"href":"https:\/\/shop.kustom.ch\/en\/wp-json\/wp\/v2\/types\/product"}],"wp:featuredmedia":[{"embeddable":true,"href":"https:\/\/shop.kustom.ch\/en\/wp-json\/wp\/v2\/media\/701999"}],"wp:attachment":[{"href":"https:\/\/shop.kustom.ch\/en\/wp-json\/wp\/v2\/media?parent=701963"}],"wp:term":[{"taxonomy":"product_brand","embeddable":true,"href":"https:\/\/shop.kustom.ch\/en\/wp-json\/wp\/v2\/product_brand?post=701963"},{"taxonomy":"product_cat","embeddable":true,"href":"https:\/\/shop.kustom.ch\/en\/wp-json\/wp\/v2\/product_cat?post=701963"},{"taxonomy":"product_tag","embeddable":true,"href":"https:\/\/shop.kustom.ch\/en\/wp-json\/wp\/v2\/product_tag?post=701963"}],"curies":[{"name":"wp","href":"https:\/\/api.w.org\/{rel}","templated":true}]}}