{"id":701925,"date":"2026-03-18T17:10:59","date_gmt":"2026-03-18T16:10:59","guid":{"rendered":"https:\/\/shop.kustom.ch\/?post_type=product&#038;p=701925"},"modified":"2026-05-03T20:36:51","modified_gmt":"2026-05-03T19:36:51","slug":"trail-band","status":"publish","type":"product","link":"https:\/\/shop.kustom.ch\/en\/product\/trail-band\/","title":{"rendered":"Trail Band"},"content":{"rendered":"<p>The Trail Band is a compact and lightweight running belt designed to keep essentials securely in place during intense trail running sessions. It is made of elasticated material and hugs the waist for a comfortable fit. The belt has several pockets in different sizes, including a spacious zip pocket, as well as elasticated straps on the back to carry a T-shirt or an extra layer of clothing.<\/p>\n<p>- Elastic material<br \/>\n- Several pockets in different sizes<br \/>\n- One large zip pocket<br \/>\n- Elasticated straps on the back for additional storage space<br \/>\n- Reflective elements<\/p>","protected":false},"excerpt":{"rendered":"<p>Der Trail Band ist ein kompakter und leichter Laufg\u00fcrtel, der entwickelt wurde, um wichtige Utensilien w\u00e4hrend intensiver Trailrunning-Einheiten sicher an ihrem Platz zu halten. Er besteht aus elastischem Material und schmiegt sich f\u00fcr einen bequemen Sitz eng an die Taille an. Der G\u00fcrtel verf\u00fcgt \u00fcber mehrere Taschen in verschiedenen Gr\u00f6ssen, darunter eine ger\u00e4umige Reissverschlusstasche, sowie [&hellip;]<\/p>\n","protected":false},"featured_media":701980,"template":"","meta":[],"product_brand":[],"product_cat":[4178],"product_tag":[],"class_list":{"0":"post-701925","1":"product","2":"type-product","3":"status-publish","4":"has-post-thumbnail","6":"product_cat-guertel","7":"pa_brand-craft","8":"pa_brand-type-sportswear","9":"pa_filter-color-schwarz","11":"first","12":"instock","13":"sale","14":"taxable","15":"shipping-taxable","16":"purchasable","17":"product-type-variable","18":"add-to-wishlist-before_image"},"exclude_global_add_ons":[],"addons":[],"acf":[],"_links":{"self":[{"href":"https:\/\/shop.kustom.ch\/en\/wp-json\/wp\/v2\/product\/701925"}],"collection":[{"href":"https:\/\/shop.kustom.ch\/en\/wp-json\/wp\/v2\/product"}],"about":[{"href":"https:\/\/shop.kustom.ch\/en\/wp-json\/wp\/v2\/types\/product"}],"wp:featuredmedia":[{"embeddable":true,"href":"https:\/\/shop.kustom.ch\/en\/wp-json\/wp\/v2\/media\/701980"}],"wp:attachment":[{"href":"https:\/\/shop.kustom.ch\/en\/wp-json\/wp\/v2\/media?parent=701925"}],"wp:term":[{"taxonomy":"product_brand","embeddable":true,"href":"https:\/\/shop.kustom.ch\/en\/wp-json\/wp\/v2\/product_brand?post=701925"},{"taxonomy":"product_cat","embeddable":true,"href":"https:\/\/shop.kustom.ch\/en\/wp-json\/wp\/v2\/product_cat?post=701925"},{"taxonomy":"product_tag","embeddable":true,"href":"https:\/\/shop.kustom.ch\/en\/wp-json\/wp\/v2\/product_tag?post=701925"}],"curies":[{"name":"wp","href":"https:\/\/api.w.org\/{rel}","templated":true}]}}