{"id":701923,"date":"2026-03-18T17:10:58","date_gmt":"2026-03-18T16:10:58","guid":{"rendered":"https:\/\/shop.kustom.ch\/?post_type=product&#038;p=701923"},"modified":"2026-03-27T13:16:04","modified_gmt":"2026-03-27T12:16:04","slug":"hypervent-cap","status":"publish","type":"product","link":"https:\/\/shop.kustom.ch\/en\/product\/hypervent-cap\/","title":{"rendered":"Hypervent Cap"},"content":{"rendered":"<p>Hypervent Cap is a soft, well-ventilated running cap that provides excellent sun protection and sweat management during high-intensity training in hot conditions. This high performance cap is made from super soft and stretchy mesh material that provides exceptional moisture wicking and keeps you cool on long runs on warm summer days. The cap has a soft brim that protects your eyes from the sun and can be easily folded and stored in a pocket.<\/p>\n<p>- Super-soft, elasticated mesh made from polyester and elastane<br \/>\n- Elasticated, adjustable drawstring at the back for a perfect fit<br \/>\n- Normal cut<\/p>","protected":false},"excerpt":{"rendered":"<p>Hypervent Cap ist eine weiche, gut bel\u00fcftende Laufkappe, die hervorragenden Sonnenschutz und Schweissmanagement bei hochintensivem Training unter heissen Bedingungen bietet. Diese Hochleistungskappe besteht aus superweichem und elastischem Mesh-Material, das einen aussergew\u00f6hnlichen Feuchtigkeitstransport bietet und an warmen Sommertagen bei langen L\u00e4ufen einen k\u00fchlen Kopf h\u00e4lt. Die Cap hat eine weiche Krempe, die deine Augen vor der [&hellip;]<\/p>\n","protected":false},"featured_media":701957,"template":"","meta":[],"product_brand":[],"product_cat":[4177],"product_tag":[],"class_list":{"0":"post-701923","1":"product","2":"type-product","3":"status-publish","4":"has-post-thumbnail","6":"product_cat-caps-muetzen","7":"pa_brand-craft","8":"pa_brand-type-sportswear","9":"pa_filter-color-blau","10":"pa_filter-color-grau","11":"pa_filter-color-schwarz","13":"first","14":"instock","15":"sale","16":"taxable","17":"shipping-taxable","18":"purchasable","19":"product-type-variable","20":"add-to-wishlist-before_image"},"exclude_global_add_ons":[],"addons":[],"acf":[],"_links":{"self":[{"href":"https:\/\/shop.kustom.ch\/en\/wp-json\/wp\/v2\/product\/701923"}],"collection":[{"href":"https:\/\/shop.kustom.ch\/en\/wp-json\/wp\/v2\/product"}],"about":[{"href":"https:\/\/shop.kustom.ch\/en\/wp-json\/wp\/v2\/types\/product"}],"wp:featuredmedia":[{"embeddable":true,"href":"https:\/\/shop.kustom.ch\/en\/wp-json\/wp\/v2\/media\/701957"}],"wp:attachment":[{"href":"https:\/\/shop.kustom.ch\/en\/wp-json\/wp\/v2\/media?parent=701923"}],"wp:term":[{"taxonomy":"product_brand","embeddable":true,"href":"https:\/\/shop.kustom.ch\/en\/wp-json\/wp\/v2\/product_brand?post=701923"},{"taxonomy":"product_cat","embeddable":true,"href":"https:\/\/shop.kustom.ch\/en\/wp-json\/wp\/v2\/product_cat?post=701923"},{"taxonomy":"product_tag","embeddable":true,"href":"https:\/\/shop.kustom.ch\/en\/wp-json\/wp\/v2\/product_tag?post=701923"}],"curies":[{"name":"wp","href":"https:\/\/api.w.org\/{rel}","templated":true}]}}