{"id":701762,"date":"2026-03-18T17:08:47","date_gmt":"2026-03-18T16:08:47","guid":{"rendered":"https:\/\/shop.kustom.ch\/?post_type=product&#038;p=701762"},"modified":"2026-03-27T13:14:29","modified_gmt":"2026-03-27T12:14:29","slug":"everyday-xt-ls-jersey-w","status":"publish","type":"product","link":"https:\/\/shop.kustom.ch\/en\/product\/everyday-xt-ls-jersey-w\/","title":{"rendered":"Everyday XT LS Jersey W"},"content":{"rendered":"<p>Everyday XT LS Jersey is a stretchy, loose-fitting long-sleeved bike jersey designed for MTB and gravel cyclists of all kinds. <\/p>\n<p>The long-sleeved cycling jersey features a stretchy and durable mesh material made from recycled polyester, which ensures a great fit and excellent freedom of movement. Reinforced elbows improve durability, while the relaxed fit ensures great comfort and a casual, everyday look.<\/p>\n<p>- Stretchy and durable mesh material made from recycled polyester and elastane<br \/>\n- Reinforced elbows<br \/>\n- Slits on the sides<br \/>\n- Relaxed fit<\/p>","protected":false},"excerpt":{"rendered":"<p>Everyday XT LS Jersey ist ein dehnbares, locker sitzendes Langarm-Bike-Trikot, das f\u00fcr MTB- und Gravel-Radsportler aller Art entwickelt wurde. Das lang\u00e4rmelige Radtrikot verf\u00fcgt \u00fcber ein elastisches und strapazierf\u00e4higes Mesh-Material aus recyceltem Polyester, das f\u00fcr eine tolle Passform und hervorragende Bewegungsfreiheit sorgt. Verst\u00e4rkte Ellbogen verbessern die Haltbarkeit, w\u00e4hrend die entspannte Passform f\u00fcr grossen Komfort und einen [&hellip;]<\/p>\n","protected":false},"featured_media":701814,"template":"","meta":[],"product_brand":[],"product_cat":[4191],"product_tag":[],"class_list":{"0":"post-701762","1":"product","2":"type-product","3":"status-publish","4":"has-post-thumbnail","6":"product_cat-longsleeves-sweatshirts","7":"pa_brand-craft","8":"pa_brand-type-sportswear","9":"pa_filter-color-grau","10":"pa_filter-color-gruen","12":"first","13":"instock","14":"sale","15":"taxable","16":"shipping-taxable","17":"purchasable","18":"product-type-variable","19":"add-to-wishlist-before_image"},"exclude_global_add_ons":[],"addons":[],"acf":[],"_links":{"self":[{"href":"https:\/\/shop.kustom.ch\/en\/wp-json\/wp\/v2\/product\/701762"}],"collection":[{"href":"https:\/\/shop.kustom.ch\/en\/wp-json\/wp\/v2\/product"}],"about":[{"href":"https:\/\/shop.kustom.ch\/en\/wp-json\/wp\/v2\/types\/product"}],"wp:featuredmedia":[{"embeddable":true,"href":"https:\/\/shop.kustom.ch\/en\/wp-json\/wp\/v2\/media\/701814"}],"wp:attachment":[{"href":"https:\/\/shop.kustom.ch\/en\/wp-json\/wp\/v2\/media?parent=701762"}],"wp:term":[{"taxonomy":"product_brand","embeddable":true,"href":"https:\/\/shop.kustom.ch\/en\/wp-json\/wp\/v2\/product_brand?post=701762"},{"taxonomy":"product_cat","embeddable":true,"href":"https:\/\/shop.kustom.ch\/en\/wp-json\/wp\/v2\/product_cat?post=701762"},{"taxonomy":"product_tag","embeddable":true,"href":"https:\/\/shop.kustom.ch\/en\/wp-json\/wp\/v2\/product_tag?post=701762"}],"curies":[{"name":"wp","href":"https:\/\/api.w.org\/{rel}","templated":true}]}}