{"id":701761,"date":"2026-03-18T17:08:47","date_gmt":"2026-03-18T16:08:47","guid":{"rendered":"https:\/\/shop.kustom.ch\/?post_type=product&#038;p=701761"},"modified":"2026-03-27T13:14:26","modified_gmt":"2026-03-27T12:14:26","slug":"hypervent-compression-sock","status":"publish","type":"product","link":"https:\/\/shop.kustom.ch\/en\/product\/hypervent-compression-sock\/","title":{"rendered":"Hypervent Compression Sock"},"content":{"rendered":"<p>Hypervent Compression Sock is a technically advanced sock that reduces muscle vibration and focusses power during high-intensity training sessions. Functional mesh on the front provides efficient ventilation, while elasticated cuffs and elasticated ribbing around the foot ensure a close, secure fit. The sock also features a 360-degree reflective shaft.<\/p>\n<p>- Tight compression fit<br \/>\n- Front ventilation net<br \/>\n- Wide, elasticated cuffs<br \/>\n- Elasticated ribs around the foot<br \/>\n- 360 degree reflective at the top of the shaft<br \/>\n- Ergonomic left and right fit<\/p>","protected":false},"excerpt":{"rendered":"<p>Hypervent Compression Sock ist eine technisch fortschrittliche Socke, die Muskelvibrationen reduziert und die Kraft w\u00e4hrend hochintensiver Trainingseinheiten fokussiert. Funktionsnetz an der Vorderseite sorgt f\u00fcr effiziente Bel\u00fcftung, elastische B\u00fcndchen und elastische Rippen um den Fuss sorgen f\u00fcr einen engen, sicheren Sitz. Die Socke verf\u00fcgt auch \u00fcber einen 360-Grad-reflektierenden Schaft. \u2022 Enge Kompressionspassform \u2022 Bel\u00fcftungsnetz vorne \u2022 [&hellip;]<\/p>\n","protected":false},"featured_media":701798,"template":"","meta":[],"product_brand":[],"product_cat":[4199],"product_tag":[],"class_list":{"0":"post-701761","1":"product","2":"type-product","3":"status-publish","4":"has-post-thumbnail","6":"product_cat-socken","7":"pa_brand-craft","8":"pa_brand-type-sportswear","9":"pa_filter-color-pink","10":"pa_filter-color-schwarz","11":"pa_filter-color-weiss","13":"first","14":"instock","15":"sale","16":"taxable","17":"shipping-taxable","18":"purchasable","19":"product-type-variable","20":"add-to-wishlist-before_image"},"exclude_global_add_ons":[],"addons":[],"acf":[],"_links":{"self":[{"href":"https:\/\/shop.kustom.ch\/en\/wp-json\/wp\/v2\/product\/701761"}],"collection":[{"href":"https:\/\/shop.kustom.ch\/en\/wp-json\/wp\/v2\/product"}],"about":[{"href":"https:\/\/shop.kustom.ch\/en\/wp-json\/wp\/v2\/types\/product"}],"wp:featuredmedia":[{"embeddable":true,"href":"https:\/\/shop.kustom.ch\/en\/wp-json\/wp\/v2\/media\/701798"}],"wp:attachment":[{"href":"https:\/\/shop.kustom.ch\/en\/wp-json\/wp\/v2\/media?parent=701761"}],"wp:term":[{"taxonomy":"product_brand","embeddable":true,"href":"https:\/\/shop.kustom.ch\/en\/wp-json\/wp\/v2\/product_brand?post=701761"},{"taxonomy":"product_cat","embeddable":true,"href":"https:\/\/shop.kustom.ch\/en\/wp-json\/wp\/v2\/product_cat?post=701761"},{"taxonomy":"product_tag","embeddable":true,"href":"https:\/\/shop.kustom.ch\/en\/wp-json\/wp\/v2\/product_tag?post=701761"}],"curies":[{"name":"wp","href":"https:\/\/api.w.org\/{rel}","templated":true}]}}