{"id":701758,"date":"2026-03-18T17:08:46","date_gmt":"2026-03-18T16:08:46","guid":{"rendered":"https:\/\/shop.kustom.ch\/?post_type=product&#038;p=701758"},"modified":"2026-03-27T13:14:01","modified_gmt":"2026-03-27T12:14:01","slug":"collective-hotpants-w","status":"publish","type":"product","link":"https:\/\/shop.kustom.ch\/en\/product\/collective-hotpants-w\/","title":{"rendered":"Collective Hotpants W"},"content":{"rendered":"<p>Collective Hotpants are exceptionally soft and stretchy training hotpants with a timeless design that transitions effortlessly from training sessions to everyday wear - ensuring you stay comfortable and stylish all day long.<\/p>\n<p>Designed for ultimate comfort, this versatile training garment is made from a stretch polyester fabric with a peached finish that offers a luxuriously soft feel, excellent body temperature management and great pullback. The hot pants also feature a rear phone pocket, bonded leg cuffs to prevent chafing and a high waist for increased comfort. High-quality workmanship down to the smallest detail. <\/p>\n<p>- Very soft and highly elasticated fabric made from recycled polyester and elastane<br \/>\n- Grafted surface<br \/>\n- High waist<br \/>\n- Welded leg ends<br \/>\n- Rear mobile phone pocket<\/p>","protected":false},"excerpt":{"rendered":"<p>Collective Hotpants sind aussergew\u00f6hnlich weiche und elastische Trainings-Hotpants mit einem zeitlosen Design, das m\u00fchelos von Trainingseinheiten in den Alltag \u00fcbergeht \u2013 und daf\u00fcr sorgt, dass du den ganzen Tag bequem und stilvoll bleibst. Dieses vielseitige Trainingsbekleidungsst\u00fcck wurde f\u00fcr ultimativen Komfort entwickelt und besteht aus einem elastischen Polyestergewebe mit einer peached Oberfl\u00e4che, das ein luxuri\u00f6s weiches [&hellip;]<\/p>\n","protected":false},"featured_media":701763,"template":"","meta":[],"product_brand":[],"product_cat":[4198],"product_tag":[],"class_list":{"0":"post-701758","1":"product","2":"type-product","3":"status-publish","4":"has-post-thumbnail","6":"product_cat-shorts","7":"pa_brand-craft","8":"pa_brand-type-sportswear","9":"pa_filter-color-orange","10":"pa_filter-color-schwarz","12":"first","13":"instock","14":"sale","15":"taxable","16":"shipping-taxable","17":"purchasable","18":"product-type-variable","19":"add-to-wishlist-before_image"},"exclude_global_add_ons":[],"addons":[],"acf":[],"_links":{"self":[{"href":"https:\/\/shop.kustom.ch\/en\/wp-json\/wp\/v2\/product\/701758"}],"collection":[{"href":"https:\/\/shop.kustom.ch\/en\/wp-json\/wp\/v2\/product"}],"about":[{"href":"https:\/\/shop.kustom.ch\/en\/wp-json\/wp\/v2\/types\/product"}],"wp:featuredmedia":[{"embeddable":true,"href":"https:\/\/shop.kustom.ch\/en\/wp-json\/wp\/v2\/media\/701763"}],"wp:attachment":[{"href":"https:\/\/shop.kustom.ch\/en\/wp-json\/wp\/v2\/media?parent=701758"}],"wp:term":[{"taxonomy":"product_brand","embeddable":true,"href":"https:\/\/shop.kustom.ch\/en\/wp-json\/wp\/v2\/product_brand?post=701758"},{"taxonomy":"product_cat","embeddable":true,"href":"https:\/\/shop.kustom.ch\/en\/wp-json\/wp\/v2\/product_cat?post=701758"},{"taxonomy":"product_tag","embeddable":true,"href":"https:\/\/shop.kustom.ch\/en\/wp-json\/wp\/v2\/product_tag?post=701758"}],"curies":[{"name":"wp","href":"https:\/\/api.w.org\/{rel}","templated":true}]}}