{"id":697016,"date":"2026-03-16T16:34:22","date_gmt":"2026-03-16T15:34:22","guid":{"rendered":"https:\/\/shop.kustom.ch\/?post_type=product&#038;p=697016"},"modified":"2026-03-31T09:15:07","modified_gmt":"2026-03-31T08:15:07","slug":"blaklaeder-sonnenbrille","status":"publish","type":"product","link":"https:\/\/shop.kustom.ch\/en\/product\/blaklaeder-sonnenbrille\/","title":{"rendered":"Bl\u00e5kl\u00e4der sunglasses"},"content":{"rendered":"<p>Look straight into your bright future! With the sunglasses from Bl\u00e5kl\u00e4der, you have the right style and protect your eyes from annoying rays. .<\/p>","protected":false},"excerpt":{"rendered":"<p>Look straight into your bright future! With the sunglasses from Bl\u00e5kl\u00e4der, you have the right style and protect your eyes from annoying rays. .<\/p>","protected":false},"featured_media":697020,"template":"","meta":[],"product_brand":[],"product_cat":[4209],"product_tag":[],"class_list":{"0":"post-697016","1":"product","2":"type-product","3":"status-publish","4":"has-post-thumbnail","6":"product_cat-zubehoer","7":"pa_brand-blaklaeder","8":"pa_brand-type-workwear","9":"pa_filter-color-blau","10":"pa_filter-color-schwarz","12":"first","13":"instock","14":"sale","15":"taxable","16":"shipping-taxable","17":"purchasable","18":"product-type-variable","19":"add-to-wishlist-before_image"},"exclude_global_add_ons":[],"addons":[],"acf":[],"_links":{"self":[{"href":"https:\/\/shop.kustom.ch\/en\/wp-json\/wp\/v2\/product\/697016"}],"collection":[{"href":"https:\/\/shop.kustom.ch\/en\/wp-json\/wp\/v2\/product"}],"about":[{"href":"https:\/\/shop.kustom.ch\/en\/wp-json\/wp\/v2\/types\/product"}],"wp:featuredmedia":[{"embeddable":true,"href":"https:\/\/shop.kustom.ch\/en\/wp-json\/wp\/v2\/media\/697020"}],"wp:attachment":[{"href":"https:\/\/shop.kustom.ch\/en\/wp-json\/wp\/v2\/media?parent=697016"}],"wp:term":[{"taxonomy":"product_brand","embeddable":true,"href":"https:\/\/shop.kustom.ch\/en\/wp-json\/wp\/v2\/product_brand?post=697016"},{"taxonomy":"product_cat","embeddable":true,"href":"https:\/\/shop.kustom.ch\/en\/wp-json\/wp\/v2\/product_cat?post=697016"},{"taxonomy":"product_tag","embeddable":true,"href":"https:\/\/shop.kustom.ch\/en\/wp-json\/wp\/v2\/product_tag?post=697016"}],"curies":[{"name":"wp","href":"https:\/\/api.w.org\/{rel}","templated":true}]}}