{"id":696921,"date":"2026-03-16T16:32:51","date_gmt":"2026-03-16T15:32:51","guid":{"rendered":"https:\/\/shop.kustom.ch\/?post_type=product&#038;p=696921"},"modified":"2026-03-31T09:14:01","modified_gmt":"2026-03-31T08:14:01","slug":"arbeitskittel","status":"publish","type":"product","link":"https:\/\/shop.kustom.ch\/en\/product\/arbeitskittel\/","title":{"rendered":"Work coat"},"content":{"rendered":"<p>Lightweight smock that offers protection against dirt and splashes. The smock is scratch and metal-free and is therefore particularly suitable for industrial environments with strict safety requirements. Colour and dimensional stability are guaranteed.<\/p>\n<p>65% polyester, 35% cotton, twill, 240 g\/m\u00b2<\/p>","protected":false},"excerpt":{"rendered":"<p>Leichter Kittel, der Schutz vor Schmutz und Spritzern bietet. Der Kittel ist kratz- und metallfrei und eignet sich daher besonders f\u00fcr industrielle Umgebungen mit strengen Sicherheitsanforderungen. Farb- und Formbest\u00e4ndigkeit sind gew\u00e4hrleistet. 65% Polyester, 35% Baumwolle, K\u00f6per, 240 g\/m\u00b2<\/p>","protected":false},"featured_media":696933,"template":"","meta":[],"product_brand":[],"product_cat":[10704],"product_tag":[],"class_list":{"0":"post-696921","1":"product","2":"type-product","3":"status-publish","4":"has-post-thumbnail","6":"product_cat-kittel","7":"pa_brand-blaklaeder","8":"pa_brand-type-workwear","9":"pa_filter-color-blau","10":"pa_filter-color-weiss","12":"first","13":"instock","14":"sale","15":"taxable","16":"shipping-taxable","17":"purchasable","18":"product-type-variable","19":"add-to-wishlist-before_image"},"exclude_global_add_ons":[],"addons":[],"acf":[],"_links":{"self":[{"href":"https:\/\/shop.kustom.ch\/en\/wp-json\/wp\/v2\/product\/696921"}],"collection":[{"href":"https:\/\/shop.kustom.ch\/en\/wp-json\/wp\/v2\/product"}],"about":[{"href":"https:\/\/shop.kustom.ch\/en\/wp-json\/wp\/v2\/types\/product"}],"wp:featuredmedia":[{"embeddable":true,"href":"https:\/\/shop.kustom.ch\/en\/wp-json\/wp\/v2\/media\/696933"}],"wp:attachment":[{"href":"https:\/\/shop.kustom.ch\/en\/wp-json\/wp\/v2\/media?parent=696921"}],"wp:term":[{"taxonomy":"product_brand","embeddable":true,"href":"https:\/\/shop.kustom.ch\/en\/wp-json\/wp\/v2\/product_brand?post=696921"},{"taxonomy":"product_cat","embeddable":true,"href":"https:\/\/shop.kustom.ch\/en\/wp-json\/wp\/v2\/product_cat?post=696921"},{"taxonomy":"product_tag","embeddable":true,"href":"https:\/\/shop.kustom.ch\/en\/wp-json\/wp\/v2\/product_tag?post=696921"}],"curies":[{"name":"wp","href":"https:\/\/api.w.org\/{rel}","templated":true}]}}