{"id":696848,"date":"2026-03-16T16:30:57","date_gmt":"2026-03-16T15:30:57","guid":{"rendered":"https:\/\/shop.kustom.ch\/?post_type=product&#038;p=696848"},"modified":"2026-03-31T09:11:05","modified_gmt":"2026-03-31T08:11:05","slug":"service-arbeitsrock-mit-stretch","status":"publish","type":"product","link":"https:\/\/shop.kustom.ch\/en\/product\/service-arbeitsrock-mit-stretch\/","title":{"rendered":"Service work skirt with stretch"},"content":{"rendered":"<p>Scratch-resistant skirt for service and industrial work. This skirt with inner trousers ensures maximum freedom of movement and the elasticated waistband provides all-day comfort. The back of the skirt is made from comfortable 4-way stretch. The pocket flaps have a magnetic fastening instead of a zip and the skirt reaches just above the knee.<\/p>\n<p>65% polyester, 35% cotton, finely woven, 166g\/m\u00b2<\/p>","protected":false},"excerpt":{"rendered":"<p>Kratzerresistenter Rock f\u00fcr Service- und Industriearbeiten. Dieser Rock mit Innenhose sorgt f\u00fcr maximale Bewegungsfreiheit und der elastische Bund f\u00fcr ganzt\u00e4gigen Komfort. Die R\u00fcckseite des Rocks ist aus komfortablem 4-Wege-Stretch gefertigt. Die Taschen-Patten haben anstelle eines Reissverschlusses einen Magnetverschluss und der Rock reicht bis knapp \u00fcber das Knie. 65% Polyester, 35% Baumwolle, feingewebt, 166g\/m\u00b2<\/p>","protected":false},"featured_media":696849,"template":"","meta":[],"product_brand":[],"product_cat":[4194],"product_tag":[],"class_list":{"0":"post-696848","1":"product","2":"type-product","3":"status-publish","4":"has-post-thumbnail","6":"product_cat-roecke","7":"pa_brand-blaklaeder","8":"pa_brand-type-workwear","9":"pa_filter-color-schwarz","11":"first","12":"instock","13":"sale","14":"taxable","15":"shipping-taxable","16":"purchasable","17":"product-type-variable","18":"add-to-wishlist-before_image"},"exclude_global_add_ons":[],"addons":[],"acf":[],"_links":{"self":[{"href":"https:\/\/shop.kustom.ch\/en\/wp-json\/wp\/v2\/product\/696848"}],"collection":[{"href":"https:\/\/shop.kustom.ch\/en\/wp-json\/wp\/v2\/product"}],"about":[{"href":"https:\/\/shop.kustom.ch\/en\/wp-json\/wp\/v2\/types\/product"}],"wp:featuredmedia":[{"embeddable":true,"href":"https:\/\/shop.kustom.ch\/en\/wp-json\/wp\/v2\/media\/696849"}],"wp:attachment":[{"href":"https:\/\/shop.kustom.ch\/en\/wp-json\/wp\/v2\/media?parent=696848"}],"wp:term":[{"taxonomy":"product_brand","embeddable":true,"href":"https:\/\/shop.kustom.ch\/en\/wp-json\/wp\/v2\/product_brand?post=696848"},{"taxonomy":"product_cat","embeddable":true,"href":"https:\/\/shop.kustom.ch\/en\/wp-json\/wp\/v2\/product_cat?post=696848"},{"taxonomy":"product_tag","embeddable":true,"href":"https:\/\/shop.kustom.ch\/en\/wp-json\/wp\/v2\/product_tag?post=696848"}],"curies":[{"name":"wp","href":"https:\/\/api.w.org\/{rel}","templated":true}]}}