{"id":696740,"date":"2026-03-16T16:28:55","date_gmt":"2026-03-16T15:28:55","guid":{"rendered":"https:\/\/shop.kustom.ch\/?post_type=product&#038;p=696740"},"modified":"2026-03-31T09:07:45","modified_gmt":"2026-03-31T08:07:45","slug":"high-vis-overall-2","status":"publish","type":"product","link":"https:\/\/shop.kustom.ch\/en\/product\/high-vis-overall-2\/","title":{"rendered":"High Vis Overall"},"content":{"rendered":"<p>Industrially washable high vis coverall with a modern fit, developed for professional users who demand high visibility, durability and uncomplicated functionality. Equipped with two full-length zips from the collar to the leg ends, making it ideal as an overgarment - perfect for quick changes in the workplace. The coverall has an elasticated waist and offers effective protection against dirt and splashes. A reliable choice for safety and durability on long working days.<\/p>\n<p>85% polyester, 15% cotton, satin, 245g\/m\u00b2<\/p>","protected":false},"excerpt":{"rendered":"<p>Industriell waschbarer High Vis Schutzanzug mit moderner Passform, entwickelt f\u00fcr professionelle Anwender, die hohe Sichtbarkeit, Strapazierf\u00e4higkeit und unkomplizierte Funktionalit\u00e4t verlangen. Ausgestattet mit zwei durchgehenden Reissverschl\u00fcssen vom Kragen bis zu den Beinenden, wodurch er sich ideal als \u00dcberbekleidung eignet &#8211; perfekt f\u00fcr den schnellen Wechsel am Arbeitsplatz. Der Schutzanzug verf\u00fcgt \u00fcber einen Gummizug in der Taille [&hellip;]<\/p>\n","protected":false},"featured_media":696741,"template":"","meta":[],"product_brand":[],"product_cat":[10454],"product_tag":[],"class_list":{"0":"post-696740","1":"product","2":"type-product","3":"status-publish","4":"has-post-thumbnail","6":"product_cat-overalls","7":"pa_brand-blaklaeder","8":"pa_brand-type-workwear","9":"pa_filter-color-blau","10":"pa_filter-color-orange","12":"first","13":"instock","14":"sale","15":"taxable","16":"shipping-taxable","17":"purchasable","18":"product-type-variable","19":"add-to-wishlist-before_image"},"exclude_global_add_ons":[],"addons":[],"acf":[],"_links":{"self":[{"href":"https:\/\/shop.kustom.ch\/en\/wp-json\/wp\/v2\/product\/696740"}],"collection":[{"href":"https:\/\/shop.kustom.ch\/en\/wp-json\/wp\/v2\/product"}],"about":[{"href":"https:\/\/shop.kustom.ch\/en\/wp-json\/wp\/v2\/types\/product"}],"wp:featuredmedia":[{"embeddable":true,"href":"https:\/\/shop.kustom.ch\/en\/wp-json\/wp\/v2\/media\/696741"}],"wp:attachment":[{"href":"https:\/\/shop.kustom.ch\/en\/wp-json\/wp\/v2\/media?parent=696740"}],"wp:term":[{"taxonomy":"product_brand","embeddable":true,"href":"https:\/\/shop.kustom.ch\/en\/wp-json\/wp\/v2\/product_brand?post=696740"},{"taxonomy":"product_cat","embeddable":true,"href":"https:\/\/shop.kustom.ch\/en\/wp-json\/wp\/v2\/product_cat?post=696740"},{"taxonomy":"product_tag","embeddable":true,"href":"https:\/\/shop.kustom.ch\/en\/wp-json\/wp\/v2\/product_tag?post=696740"}],"curies":[{"name":"wp","href":"https:\/\/api.w.org\/{rel}","templated":true}]}}