{"id":696709,"date":"2026-03-16T16:27:58","date_gmt":"2026-03-16T15:27:58","guid":{"rendered":"https:\/\/shop.kustom.ch\/?post_type=product&#038;p=696709"},"modified":"2026-03-31T09:04:44","modified_gmt":"2026-03-31T08:04:44","slug":"regenjacke-2","status":"publish","type":"product","link":"https:\/\/shop.kustom.ch\/en\/product\/regenjacke-2\/","title":{"rendered":"Rain jacket"},"content":{"rendered":"<p>This extremely lightweight rain jacket is wind and waterproof, has taped seams and keeps you dry, no matter how bad the weather. The jacket has a detachable hood and mesh lining for good ventilation and optimum breathability. The water column is 5,000 mm. The 1866 trousers are available to match.<\/p>\n<p>100% polyester, single-coated, wind and waterproof, breathable, 120 g\/m\u00b2<\/p>","protected":false},"excerpt":{"rendered":"<p>Diese extrem leichte Regenjacke ist wind- und wasserdicht, hat verschweisste N\u00e4hte und h\u00e4lt Sie auch bei noch so schlechtem Wetter trocken. Die Jacke hat eine abnehmbare Kapuze und Mesh-Futter f\u00fcr gute Bel\u00fcftung und optimale Atmungsaktivit\u00e4t. Die Wassers\u00e4ule betr\u00e4gt 5.000 mm. Passend dazu ist die Hose 1866 erh\u00e4ltlich. 100% Polyester, einfach beschichtet, wind- und wasserdicht, atmungsaktiv, [&hellip;]<\/p>\n","protected":false},"featured_media":696710,"template":"","meta":[],"product_brand":[],"product_cat":[4186],"product_tag":[],"class_list":{"0":"post-696709","1":"product","2":"type-product","3":"status-publish","4":"has-post-thumbnail","6":"product_cat-jacken","7":"pa_brand-blaklaeder","8":"pa_brand-type-workwear","9":"pa_filter-color-schwarz","11":"first","12":"instock","13":"sale","14":"taxable","15":"shipping-taxable","16":"purchasable","17":"product-type-variable","18":"add-to-wishlist-before_image"},"exclude_global_add_ons":[],"addons":[],"acf":[],"_links":{"self":[{"href":"https:\/\/shop.kustom.ch\/en\/wp-json\/wp\/v2\/product\/696709"}],"collection":[{"href":"https:\/\/shop.kustom.ch\/en\/wp-json\/wp\/v2\/product"}],"about":[{"href":"https:\/\/shop.kustom.ch\/en\/wp-json\/wp\/v2\/types\/product"}],"wp:featuredmedia":[{"embeddable":true,"href":"https:\/\/shop.kustom.ch\/en\/wp-json\/wp\/v2\/media\/696710"}],"wp:attachment":[{"href":"https:\/\/shop.kustom.ch\/en\/wp-json\/wp\/v2\/media?parent=696709"}],"wp:term":[{"taxonomy":"product_brand","embeddable":true,"href":"https:\/\/shop.kustom.ch\/en\/wp-json\/wp\/v2\/product_brand?post=696709"},{"taxonomy":"product_cat","embeddable":true,"href":"https:\/\/shop.kustom.ch\/en\/wp-json\/wp\/v2\/product_cat?post=696709"},{"taxonomy":"product_tag","embeddable":true,"href":"https:\/\/shop.kustom.ch\/en\/wp-json\/wp\/v2\/product_tag?post=696709"}],"curies":[{"name":"wp","href":"https:\/\/api.w.org\/{rel}","templated":true}]}}