{"id":696591,"date":"2026-03-16T16:26:00","date_gmt":"2026-03-16T15:26:00","guid":{"rendered":"https:\/\/shop.kustom.ch\/?post_type=product&#038;p=696591"},"modified":"2026-03-31T09:02:20","modified_gmt":"2026-03-31T08:02:20","slug":"damen-microfleece-jacke-5","status":"publish","type":"product","link":"https:\/\/shop.kustom.ch\/en\/product\/damen-microfleece-jacke-5\/","title":{"rendered":"Ladies microfleece jacket"},"content":{"rendered":"<p>Microfleece jacket made from lightweight, pilling-free fleece - ideal for wearing as a jacket or second layer. Brushed on both sides for a soft and comfortable feel. High-vis inserts and wide, segmented reflective strips ensure visibility when it counts. Also available as men's model 4713.<\/p>\n<p>100 % polyester, microfleece, anti-pilling, 170 g\/m\u00b2<\/p>","protected":false},"excerpt":{"rendered":"<p>Microfleece Jacke aus leichtem, pillingfreiem Fleece &#8211; ideal als Jacke oder zweite Schicht zu tragen. Beidseitig geb\u00fcrstet f\u00fcr ein weiches und angenehmes Tragegef\u00fchl. High Vis Eins\u00e4tze und breite, segmentierte Reflexstreifen sorgen f\u00fcr Sichtbarkeit, wenn es darauf ankommt. Auch als Herrenmodell 4713 erh\u00e4ltlich. 100 % Polyester, Microfleece, Antipilling, 170 g\/m\u00b2<\/p>","protected":false},"featured_media":696623,"template":"","meta":[],"product_brand":[],"product_cat":[4186],"product_tag":[],"class_list":{"0":"post-696591","1":"product","2":"type-product","3":"status-publish","4":"has-post-thumbnail","6":"product_cat-jacken","7":"pa_brand-blaklaeder","8":"pa_brand-type-workwear","9":"pa_filter-color-blau","10":"pa_filter-color-gelb","11":"pa_filter-color-orange","12":"pa_filter-color-rot","13":"pa_filter-color-schwarz","15":"first","16":"instock","17":"sale","18":"taxable","19":"shipping-taxable","20":"purchasable","21":"product-type-variable","22":"add-to-wishlist-before_image"},"exclude_global_add_ons":[],"addons":[],"acf":[],"_links":{"self":[{"href":"https:\/\/shop.kustom.ch\/en\/wp-json\/wp\/v2\/product\/696591"}],"collection":[{"href":"https:\/\/shop.kustom.ch\/en\/wp-json\/wp\/v2\/product"}],"about":[{"href":"https:\/\/shop.kustom.ch\/en\/wp-json\/wp\/v2\/types\/product"}],"wp:featuredmedia":[{"embeddable":true,"href":"https:\/\/shop.kustom.ch\/en\/wp-json\/wp\/v2\/media\/696623"}],"wp:attachment":[{"href":"https:\/\/shop.kustom.ch\/en\/wp-json\/wp\/v2\/media?parent=696591"}],"wp:term":[{"taxonomy":"product_brand","embeddable":true,"href":"https:\/\/shop.kustom.ch\/en\/wp-json\/wp\/v2\/product_brand?post=696591"},{"taxonomy":"product_cat","embeddable":true,"href":"https:\/\/shop.kustom.ch\/en\/wp-json\/wp\/v2\/product_cat?post=696591"},{"taxonomy":"product_tag","embeddable":true,"href":"https:\/\/shop.kustom.ch\/en\/wp-json\/wp\/v2\/product_tag?post=696591"}],"curies":[{"name":"wp","href":"https:\/\/api.w.org\/{rel}","templated":true}]}}