{"id":696552,"date":"2026-03-16T16:25:31","date_gmt":"2026-03-16T15:25:31","guid":{"rendered":"https:\/\/shop.kustom.ch\/?post_type=product&#038;p=696552"},"modified":"2026-03-31T09:02:14","modified_gmt":"2026-03-31T08:02:14","slug":"microfleece-jacke-6","status":"publish","type":"product","link":"https:\/\/shop.kustom.ch\/en\/product\/microfleece-jacke-6\/","title":{"rendered":"Microfleece jacket"},"content":{"rendered":"<p>Microfleece jacket made from lightweight, pilling-free fleece - ideal for wearing as a jacket or second layer. Brushed on both sides for a soft and comfortable feel. High-vis inserts and wide, segmented reflective strips ensure visibility when it counts. Also available as ladies' model 4718.<\/p>\n<p>100 % polyester, microfleece, anti-pilling, 170 g\/m\u00b2<\/p>","protected":false},"excerpt":{"rendered":"<p>Microfleece Jacke aus leichtem, pillingfreiem Fleece &#8211; ideal als Jacke oder zweite Schicht zu tragen. Beidseitig geb\u00fcrstet f\u00fcr ein weiches und angenehmes Tragegef\u00fchl. High Vis Eins\u00e4tze und breite, segmentierte Reflexstreifen sorgen f\u00fcr Sichtbarkeit, wenn es darauf ankommt. Auch als Damenmodell 4718 erh\u00e4ltlich. 100 % Polyester, Microfleece, Antipilling, 170 g\/m\u00b2<\/p>","protected":false},"featured_media":696554,"template":"","meta":[],"product_brand":[],"product_cat":[4186],"product_tag":[],"class_list":{"0":"post-696552","1":"product","2":"type-product","3":"status-publish","4":"has-post-thumbnail","6":"product_cat-jacken","7":"pa_brand-blaklaeder","8":"pa_brand-type-workwear","9":"pa_filter-color-blau","10":"pa_filter-color-gelb","11":"pa_filter-color-orange","12":"pa_filter-color-rot","13":"pa_filter-color-schwarz","15":"first","16":"instock","17":"sale","18":"taxable","19":"shipping-taxable","20":"purchasable","21":"product-type-variable","22":"add-to-wishlist-before_image"},"exclude_global_add_ons":[],"addons":[],"acf":[],"_links":{"self":[{"href":"https:\/\/shop.kustom.ch\/en\/wp-json\/wp\/v2\/product\/696552"}],"collection":[{"href":"https:\/\/shop.kustom.ch\/en\/wp-json\/wp\/v2\/product"}],"about":[{"href":"https:\/\/shop.kustom.ch\/en\/wp-json\/wp\/v2\/types\/product"}],"wp:featuredmedia":[{"embeddable":true,"href":"https:\/\/shop.kustom.ch\/en\/wp-json\/wp\/v2\/media\/696554"}],"wp:attachment":[{"href":"https:\/\/shop.kustom.ch\/en\/wp-json\/wp\/v2\/media?parent=696552"}],"wp:term":[{"taxonomy":"product_brand","embeddable":true,"href":"https:\/\/shop.kustom.ch\/en\/wp-json\/wp\/v2\/product_brand?post=696552"},{"taxonomy":"product_cat","embeddable":true,"href":"https:\/\/shop.kustom.ch\/en\/wp-json\/wp\/v2\/product_cat?post=696552"},{"taxonomy":"product_tag","embeddable":true,"href":"https:\/\/shop.kustom.ch\/en\/wp-json\/wp\/v2\/product_tag?post=696552"}],"curies":[{"name":"wp","href":"https:\/\/api.w.org\/{rel}","templated":true}]}}