{"id":696499,"date":"2026-03-16T16:24:32","date_gmt":"2026-03-16T15:24:32","guid":{"rendered":"https:\/\/shop.kustom.ch\/?post_type=product&#038;p=696499"},"modified":"2026-03-31T09:00:23","modified_gmt":"2026-03-31T08:00:23","slug":"high-vis-jacke-4","status":"publish","type":"product","link":"https:\/\/shop.kustom.ch\/en\/product\/high-vis-jacke-4\/","title":{"rendered":"High Vis Jacket"},"content":{"rendered":"<p>Industrially washable high-visibility jacket with a modern fit, developed for professional users who require high visibility, durability and simple functionality. The jacket is water-repellent, has a high collar with covered plastic zip and an extended back for extra comfort and protection. Strategically placed reflective strips on the torso, sleeves and shoulders ensure maximum visibility. Dark-coloured inserts in easily soiled areas give the garment a clean and professional appearance. A reliable choice for safety and durability on long working days.<\/p>\n<p>70% polyester, 30% cotton, twill, water-repellent 230 g\/m\u00b2<\/p>","protected":false},"excerpt":{"rendered":"<p>Industriell waschbare Warnschutzjacke mit moderner Passform, entwickelt f\u00fcr professionelle Anwender, die hohe Sichtbarkeit, Strapazierf\u00e4higkeit und einfache Funktionalit\u00e4t verlangen. Die Jacke ist wasserabweisend, verf\u00fcgt \u00fcber einen hohen Kragen mit abgedecktem Kunststoffreissverschluss und hat einen verl\u00e4ngerten R\u00fccken f\u00fcr zus\u00e4tzlichen Komfort und Schutz. Strategisch platzierte Reflexstreifen an Rumpf, \u00c4rmeln und Schultern sorgen f\u00fcr maximale Sichtbarkeit. Dunkle Eins\u00e4tze in [&hellip;]<\/p>\n","protected":false},"featured_media":696500,"template":"","meta":[],"product_brand":[],"product_cat":[4186],"product_tag":[],"class_list":{"0":"post-696499","1":"product","2":"type-product","3":"status-publish","4":"has-post-thumbnail","6":"product_cat-jacken","7":"pa_brand-blaklaeder","8":"pa_brand-type-workwear","9":"pa_filter-color-blau","10":"pa_filter-color-gelb","11":"pa_filter-color-orange","12":"pa_filter-color-schwarz","14":"first","15":"instock","16":"sale","17":"taxable","18":"shipping-taxable","19":"purchasable","20":"product-type-variable","21":"add-to-wishlist-before_image"},"exclude_global_add_ons":[],"addons":[],"acf":[],"_links":{"self":[{"href":"https:\/\/shop.kustom.ch\/en\/wp-json\/wp\/v2\/product\/696499"}],"collection":[{"href":"https:\/\/shop.kustom.ch\/en\/wp-json\/wp\/v2\/product"}],"about":[{"href":"https:\/\/shop.kustom.ch\/en\/wp-json\/wp\/v2\/types\/product"}],"wp:featuredmedia":[{"embeddable":true,"href":"https:\/\/shop.kustom.ch\/en\/wp-json\/wp\/v2\/media\/696500"}],"wp:attachment":[{"href":"https:\/\/shop.kustom.ch\/en\/wp-json\/wp\/v2\/media?parent=696499"}],"wp:term":[{"taxonomy":"product_brand","embeddable":true,"href":"https:\/\/shop.kustom.ch\/en\/wp-json\/wp\/v2\/product_brand?post=696499"},{"taxonomy":"product_cat","embeddable":true,"href":"https:\/\/shop.kustom.ch\/en\/wp-json\/wp\/v2\/product_cat?post=696499"},{"taxonomy":"product_tag","embeddable":true,"href":"https:\/\/shop.kustom.ch\/en\/wp-json\/wp\/v2\/product_tag?post=696499"}],"curies":[{"name":"wp","href":"https:\/\/api.w.org\/{rel}","templated":true}]}}