{"id":696465,"date":"2026-03-16T16:24:07","date_gmt":"2026-03-16T15:24:07","guid":{"rendered":"https:\/\/shop.kustom.ch\/?post_type=product&#038;p=696465"},"modified":"2026-03-31T09:00:10","modified_gmt":"2026-03-31T08:00:10","slug":"hemdjacke-stretch","status":"publish","type":"product","link":"https:\/\/shop.kustom.ch\/en\/product\/hemdjacke-stretch\/","title":{"rendered":"Stretch shirt jacket"},"content":{"rendered":"<p>Industrial and service shirt jacket in lightweight 2-way stretch, made from a cool, durable and elastic blended fabric consisting of polyester, cotton and elastomultiester - a stretch fibre that can withstand higher washing temperatures and ensures greater comfort throughout the working day. The shirt jacket is scratch and metal free, making it particularly suitable for industrial environments with strict safety requirements. Ideal both as an overshirt and as a lighter jacket.<\/p>\n<p>50% polyester, 25% elastomultiester, 25% cotton, single weave, 2-way stretch, 170 g\/m\u00b2<\/p>","protected":false},"excerpt":{"rendered":"<p>Industrie und Service Hemdjacke aus leichtem 2-Wege-Stretch, gefertigt aus einem k\u00fchlen, strapazierf\u00e4higen und elastischen Mischgewebe, bestehend aus Polyester, Baumwolle und Elastomultiester &#8211; einer Stretchfaser, die h\u00f6heren Waschtemperaturen standh\u00e4lt und den gesamten Arbeitstag f\u00fcr mehr Komfort sorgt. Die Hemdjacke ist kratz- und metallfrei, wodurch sie sich besonders gut f\u00fcr industrielle Umgebungen mit strengen Sicherheitsanforderungen eignet. Ideal [&hellip;]<\/p>\n","protected":false},"featured_media":696466,"template":"","meta":[],"product_brand":[],"product_cat":[4186],"product_tag":[],"class_list":{"0":"post-696465","1":"product","2":"type-product","3":"status-publish","4":"has-post-thumbnail","6":"product_cat-jacken","7":"pa_brand-blaklaeder","8":"pa_brand-type-workwear","9":"pa_filter-color-blau","10":"pa_filter-color-grau","11":"pa_filter-color-schwarz","13":"first","14":"instock","15":"sale","16":"taxable","17":"shipping-taxable","18":"purchasable","19":"product-type-variable","20":"add-to-wishlist-before_image"},"exclude_global_add_ons":[],"addons":[],"acf":[],"_links":{"self":[{"href":"https:\/\/shop.kustom.ch\/en\/wp-json\/wp\/v2\/product\/696465"}],"collection":[{"href":"https:\/\/shop.kustom.ch\/en\/wp-json\/wp\/v2\/product"}],"about":[{"href":"https:\/\/shop.kustom.ch\/en\/wp-json\/wp\/v2\/types\/product"}],"wp:featuredmedia":[{"embeddable":true,"href":"https:\/\/shop.kustom.ch\/en\/wp-json\/wp\/v2\/media\/696466"}],"wp:attachment":[{"href":"https:\/\/shop.kustom.ch\/en\/wp-json\/wp\/v2\/media?parent=696465"}],"wp:term":[{"taxonomy":"product_brand","embeddable":true,"href":"https:\/\/shop.kustom.ch\/en\/wp-json\/wp\/v2\/product_brand?post=696465"},{"taxonomy":"product_cat","embeddable":true,"href":"https:\/\/shop.kustom.ch\/en\/wp-json\/wp\/v2\/product_cat?post=696465"},{"taxonomy":"product_tag","embeddable":true,"href":"https:\/\/shop.kustom.ch\/en\/wp-json\/wp\/v2\/product_tag?post=696465"}],"curies":[{"name":"wp","href":"https:\/\/api.w.org\/{rel}","templated":true}]}}