{"id":696411,"date":"2026-03-16T16:23:19","date_gmt":"2026-03-16T15:23:19","guid":{"rendered":"https:\/\/shop.kustom.ch\/?post_type=product&#038;p=696411"},"modified":"2026-03-31T08:59:49","modified_gmt":"2026-03-31T07:59:49","slug":"high-vis-regenjacke-level-3","status":"publish","type":"product","link":"https:\/\/shop.kustom.ch\/en\/product\/high-vis-regenjacke-level-3\/","title":{"rendered":"High Vis Rain Jacket Level 3"},"content":{"rendered":"<p>The ultimate rain jacket for the most extreme weather conditions. Strength, flexibility and extremely good protective properties characterise this high vis rain jacket. It is particularly suitable for people who often work outside in wet weather and poor conditions. It is wind and waterproof and made from a strong material with taped seams. The jacket also has a concealed zip with press studs that effectively keep the rain away from the body. The fleece-lined collar offers protection and warmth without rubbing against the skin. The adjustable sleeve hem with internal neoprene cuffs keeps the rain out while you work. Certified according to EN 343, protective clothing against bad weather and EN ISO 20471, class 3, protective clothing with high visibility.<\/p>\n<p>100% polyester (84% PVC\/16% PU), wind and waterproof, breathable, 350 g\/m\u00b2<\/p>","protected":false},"excerpt":{"rendered":"<p>Die ultimative Regenjacke f\u00fcr die extremsten Wetterbedingungen. St\u00e4rke, Flexibilit\u00e4t und extrem gute Schutzeigenschaften beschreiben diese High Vis Regenjacke. Sie ist besonders geeignet f\u00fcr Leute die oft draussen bei nassem Wetter und schlechten Bedingungen arbeiten. Sie ist wind- und wasserdicht aus einem starken Material mit verschweissten N\u00e4hten. Die Jacke hat zus\u00e4tzlich einen verdeckten Reissverschluss mit Druckkn\u00f6pfen, [&hellip;]<\/p>\n","protected":false},"featured_media":696429,"template":"","meta":[],"product_brand":[],"product_cat":[4186],"product_tag":[],"class_list":{"0":"post-696411","1":"product","2":"type-product","3":"status-publish","4":"has-post-thumbnail","6":"product_cat-jacken","7":"pa_brand-blaklaeder","8":"pa_brand-type-workwear","9":"pa_filter-color-blau","10":"pa_filter-color-gelb","11":"pa_filter-color-orange","12":"pa_filter-color-schwarz","14":"first","15":"instock","16":"sale","17":"taxable","18":"shipping-taxable","19":"purchasable","20":"product-type-variable","21":"add-to-wishlist-before_image"},"exclude_global_add_ons":[],"addons":[],"acf":[],"_links":{"self":[{"href":"https:\/\/shop.kustom.ch\/en\/wp-json\/wp\/v2\/product\/696411"}],"collection":[{"href":"https:\/\/shop.kustom.ch\/en\/wp-json\/wp\/v2\/product"}],"about":[{"href":"https:\/\/shop.kustom.ch\/en\/wp-json\/wp\/v2\/types\/product"}],"wp:featuredmedia":[{"embeddable":true,"href":"https:\/\/shop.kustom.ch\/en\/wp-json\/wp\/v2\/media\/696429"}],"wp:attachment":[{"href":"https:\/\/shop.kustom.ch\/en\/wp-json\/wp\/v2\/media?parent=696411"}],"wp:term":[{"taxonomy":"product_brand","embeddable":true,"href":"https:\/\/shop.kustom.ch\/en\/wp-json\/wp\/v2\/product_brand?post=696411"},{"taxonomy":"product_cat","embeddable":true,"href":"https:\/\/shop.kustom.ch\/en\/wp-json\/wp\/v2\/product_cat?post=696411"},{"taxonomy":"product_tag","embeddable":true,"href":"https:\/\/shop.kustom.ch\/en\/wp-json\/wp\/v2\/product_tag?post=696411"}],"curies":[{"name":"wp","href":"https:\/\/api.w.org\/{rel}","templated":true}]}}