{"id":696232,"date":"2026-03-16T16:20:52","date_gmt":"2026-03-16T15:20:52","guid":{"rendered":"https:\/\/shop.kustom.ch\/?post_type=product&#038;p=696232"},"modified":"2026-03-31T08:59:25","modified_gmt":"2026-03-31T07:59:25","slug":"regenjacke-level-1","status":"publish","type":"product","link":"https:\/\/shop.kustom.ch\/en\/product\/regenjacke-level-1\/","title":{"rendered":"Level 1 rain jacket"},"content":{"rendered":"<p>A rain jacket for all those with work tasks that require light and soft rainwear. It is wind and waterproof and has taped seams, as well as a detachable and adjustable hood. The jacket has a drip edge at the waist with a drain at the back and is equipped with easily accessible front pockets (one with a D-ring). The front fastening has a concealed two-way zip that extends to the storm button on the collar and adjustable sleeves with Velcro fastening. The jacket has reflective strips on the sleeves and back. It is certified according to EN 343, protective clothing against bad weather. The colours 4600 and 9900 have been updated. The old model will be delivered while stocks last.<\/p>\n<p>100% polyester, PU-coated, wind and waterproof, 185g\/m\u00b2<\/p>","protected":false},"excerpt":{"rendered":"<p>Eine Regenjacke f\u00fcr all jene mit Arbeitsaufgaben, die leichte und sanfte Regenkleidung erfordern. Sie ist wind- und wasserdicht und hat veschweisste N\u00e4hte, sowie eine abnehmbare und verstellbare Kapuze. Die Jacke hat eine Tropfkante am Bund mit einem Ablauf am R\u00fccken und ist mit leicht zug\u00e4nglichen Vordertaschen (eine mit D-Ring) versehen. Der Frontverschluss hat einen verdeckten [&hellip;]<\/p>\n","protected":false},"featured_media":696233,"template":"","meta":[],"product_brand":[],"product_cat":[4186],"product_tag":[],"class_list":{"0":"post-696232","1":"product","2":"type-product","3":"status-publish","4":"has-post-thumbnail","6":"product_cat-jacken","7":"pa_brand-blaklaeder","8":"pa_brand-type-workwear","9":"pa_filter-color-schwarz","11":"first","12":"instock","13":"sale","14":"taxable","15":"shipping-taxable","16":"purchasable","17":"product-type-variable","18":"add-to-wishlist-before_image"},"exclude_global_add_ons":[],"addons":[],"acf":[],"_links":{"self":[{"href":"https:\/\/shop.kustom.ch\/en\/wp-json\/wp\/v2\/product\/696232"}],"collection":[{"href":"https:\/\/shop.kustom.ch\/en\/wp-json\/wp\/v2\/product"}],"about":[{"href":"https:\/\/shop.kustom.ch\/en\/wp-json\/wp\/v2\/types\/product"}],"wp:featuredmedia":[{"embeddable":true,"href":"https:\/\/shop.kustom.ch\/en\/wp-json\/wp\/v2\/media\/696233"}],"wp:attachment":[{"href":"https:\/\/shop.kustom.ch\/en\/wp-json\/wp\/v2\/media?parent=696232"}],"wp:term":[{"taxonomy":"product_brand","embeddable":true,"href":"https:\/\/shop.kustom.ch\/en\/wp-json\/wp\/v2\/product_brand?post=696232"},{"taxonomy":"product_cat","embeddable":true,"href":"https:\/\/shop.kustom.ch\/en\/wp-json\/wp\/v2\/product_cat?post=696232"},{"taxonomy":"product_tag","embeddable":true,"href":"https:\/\/shop.kustom.ch\/en\/wp-json\/wp\/v2\/product_tag?post=696232"}],"curies":[{"name":"wp","href":"https:\/\/api.w.org\/{rel}","templated":true}]}}