{"id":696168,"date":"2026-03-16T16:19:47","date_gmt":"2026-03-16T15:19:47","guid":{"rendered":"https:\/\/shop.kustom.ch\/?post_type=product&#038;p=696168"},"modified":"2026-03-31T08:57:24","modified_gmt":"2026-03-31T07:57:24","slug":"sweatshirt-7","status":"publish","type":"product","link":"https:\/\/shop.kustom.ch\/en\/product\/sweatshirt-7\/","title":{"rendered":"Sweatshirt"},"content":{"rendered":"<p>Stretchy sweatshirt made from soft and cool French terry - perfect for travelling. The slim fit ensures a slim, modern look and the ventilation holes under the arms help to regulate the temperature. Ideal for customising with print or embroidery.<\/p>\n<p>52% polyester, 42% cotton, 6% elastane, French terry, moisture-regulating, 280 g\/m\u00b2<\/p>","protected":false},"excerpt":{"rendered":"<p>Elastisches Sweatshirt aus weichem und k\u00fchlem French Terry &#8211; perfekt f\u00fcr unterwegs. Die schmale Passform sorgt f\u00fcr einen schlanken, modernen Look und die Bel\u00fcftungsl\u00f6cher unter den Armen helfen, die Temperatur zu regulieren. Ideal f\u00fcr eine Veredelung mit Druck oder Stickerei. 52% Polyester, 42% Baumwolle, 6% Elasthan, French Terry, feuchtigkeitsregulierend, 280 g\/m\u00b2<\/p>","protected":false},"featured_media":696190,"template":"","meta":[],"product_brand":[],"product_cat":[4184],"product_tag":[],"class_list":{"0":"post-696168","1":"product","2":"type-product","3":"status-publish","4":"has-post-thumbnail","6":"product_cat-hoodies-pullover","7":"pa_brand-blaklaeder","8":"pa_brand-type-workwear","9":"pa_filter-color-blau","10":"pa_filter-color-braun","11":"pa_filter-color-gruen","12":"pa_filter-color-orange","14":"first","15":"instock","16":"sale","17":"taxable","18":"shipping-taxable","19":"purchasable","20":"product-type-variable","21":"add-to-wishlist-before_image"},"exclude_global_add_ons":[],"addons":[],"acf":[],"_links":{"self":[{"href":"https:\/\/shop.kustom.ch\/en\/wp-json\/wp\/v2\/product\/696168"}],"collection":[{"href":"https:\/\/shop.kustom.ch\/en\/wp-json\/wp\/v2\/product"}],"about":[{"href":"https:\/\/shop.kustom.ch\/en\/wp-json\/wp\/v2\/types\/product"}],"wp:featuredmedia":[{"embeddable":true,"href":"https:\/\/shop.kustom.ch\/en\/wp-json\/wp\/v2\/media\/696190"}],"wp:attachment":[{"href":"https:\/\/shop.kustom.ch\/en\/wp-json\/wp\/v2\/media?parent=696168"}],"wp:term":[{"taxonomy":"product_brand","embeddable":true,"href":"https:\/\/shop.kustom.ch\/en\/wp-json\/wp\/v2\/product_brand?post=696168"},{"taxonomy":"product_cat","embeddable":true,"href":"https:\/\/shop.kustom.ch\/en\/wp-json\/wp\/v2\/product_cat?post=696168"},{"taxonomy":"product_tag","embeddable":true,"href":"https:\/\/shop.kustom.ch\/en\/wp-json\/wp\/v2\/product_tag?post=696168"}],"curies":[{"name":"wp","href":"https:\/\/api.w.org\/{rel}","templated":true}]}}