{"id":696152,"date":"2026-03-16T16:19:35","date_gmt":"2026-03-16T15:19:35","guid":{"rendered":"https:\/\/shop.kustom.ch\/?post_type=product&#038;p=696152"},"modified":"2026-03-31T08:57:18","modified_gmt":"2026-03-31T07:57:18","slug":"kapuzenpullover-half-zip","status":"publish","type":"product","link":"https:\/\/shop.kustom.ch\/en\/product\/kapuzenpullover-half-zip\/","title":{"rendered":"Half zip hoody"},"content":{"rendered":"<p>Modern hooded jumper made from stretchy French terry with a slanted half zip. Made from soft, cool and stretchy material - perfect for travelling. The slim fit ensures a sleek, modern look and the ventilation holes under the arms help to regulate the temperature. Two zipped pockets offer practical storage space. An elasticated hoody for on the go.<\/p>\n<p>52% polyester, 42% cotton, 6% elastane, French terry, moisture-regulating, 280 g\/m\u00b2<\/p>","protected":false},"excerpt":{"rendered":"<p>Moderner Kapuzenpullover aus elastischem French Terry und schr\u00e4gem Half-Zip. Gefertigt aus weichem, k\u00fchlem und elastischem Material &#8211; perfekt f\u00fcr unterwegs. Die schmale Passform sorgt f\u00fcr einen schlanken, modernen Look und die Bel\u00fcftungsl\u00f6cher unter den Armen helfen, die Temperatur zu regulieren. Zwei Reissverschlusstaschen bieten praktischen Stauraum. Ein elastischer Kapuzenpulli f\u00fcr unterwegs. 52% Polyester, 42% Baumwolle, 6% [&hellip;]<\/p>\n","protected":false},"featured_media":696153,"template":"","meta":[],"product_brand":[],"product_cat":[4184],"product_tag":[],"class_list":{"0":"post-696152","1":"product","2":"type-product","3":"status-publish","4":"has-post-thumbnail","6":"product_cat-hoodies-pullover","7":"pa_brand-blaklaeder","8":"pa_brand-type-workwear","9":"pa_filter-color-blau","10":"pa_filter-color-braun","11":"pa_filter-color-gruen","12":"pa_filter-color-orange","14":"first","15":"instock","16":"sale","17":"taxable","18":"shipping-taxable","19":"purchasable","20":"product-type-variable","21":"add-to-wishlist-before_image"},"exclude_global_add_ons":[],"addons":[],"acf":[],"_links":{"self":[{"href":"https:\/\/shop.kustom.ch\/en\/wp-json\/wp\/v2\/product\/696152"}],"collection":[{"href":"https:\/\/shop.kustom.ch\/en\/wp-json\/wp\/v2\/product"}],"about":[{"href":"https:\/\/shop.kustom.ch\/en\/wp-json\/wp\/v2\/types\/product"}],"wp:featuredmedia":[{"embeddable":true,"href":"https:\/\/shop.kustom.ch\/en\/wp-json\/wp\/v2\/media\/696153"}],"wp:attachment":[{"href":"https:\/\/shop.kustom.ch\/en\/wp-json\/wp\/v2\/media?parent=696152"}],"wp:term":[{"taxonomy":"product_brand","embeddable":true,"href":"https:\/\/shop.kustom.ch\/en\/wp-json\/wp\/v2\/product_brand?post=696152"},{"taxonomy":"product_cat","embeddable":true,"href":"https:\/\/shop.kustom.ch\/en\/wp-json\/wp\/v2\/product_cat?post=696152"},{"taxonomy":"product_tag","embeddable":true,"href":"https:\/\/shop.kustom.ch\/en\/wp-json\/wp\/v2\/product_tag?post=696152"}],"curies":[{"name":"wp","href":"https:\/\/api.w.org\/{rel}","templated":true}]}}