{"id":696095,"date":"2026-03-16T16:19:03","date_gmt":"2026-03-16T15:19:03","guid":{"rendered":"https:\/\/shop.kustom.ch\/?post_type=product&#038;p=696095"},"modified":"2026-03-31T08:56:55","modified_gmt":"2026-03-31T07:56:55","slug":"damen-high-vis-sweatjacke-mit-abnehmbarer-kapuze","status":"publish","type":"product","link":"https:\/\/shop.kustom.ch\/en\/product\/damen-high-vis-sweatjacke-mit-abnehmbarer-kapuze\/","title":{"rendered":"Ladies high vis sweat jacket with detachable hood"},"content":{"rendered":"<p>High Vis sweatshirt with interrupted reflective stripes for extra visibility. The material of the High Vis shirt is a soft and beautiful fleece that offers an unbeatable combination of safety and comfort. Detachable hood, collar, full-length zip, pockets on the front, breast pocket and ribbed cuffs. Can be industrially laundered. Also available as men's model 3573.<\/p>\n<p>100% Polyester, piqu\u00e9 fleece, brushed on one side, 240 g\/m\u00b2<\/p>","protected":false},"excerpt":{"rendered":"<p>High Vis Sweatshirt mit unterbrochenen Reflexstreifen f\u00fcr zus\u00e4tzliche Sichtbarkeit. Das Material des High Vis Shirts ist ein weiches und sch\u00f6nes Fleece, das eine unschlagbare Kombination aus Sicherheit und Komfort bietet. Abnehmbare Kapuze, Kragen, durchgehender Reissverschluss, Taschen auf der Vorderseite, Brusttasche und Rippenb\u00fcndchen. Kann industriell gewaschen werden. Auch als Herrenmodell 3573 erh\u00e4ltlich. 100% Polyester, Piqu\u00e9 Fleece, [&hellip;]<\/p>\n","protected":false},"featured_media":696096,"template":"","meta":[],"product_brand":[],"product_cat":[4184],"product_tag":[],"class_list":{"0":"post-696095","1":"product","2":"type-product","3":"status-publish","4":"has-post-thumbnail","6":"product_cat-hoodies-pullover","7":"pa_brand-blaklaeder","8":"pa_brand-type-workwear","9":"pa_filter-color-gelb","10":"pa_filter-color-orange","11":"pa_filter-color-rot","13":"first","14":"instock","15":"sale","16":"taxable","17":"shipping-taxable","18":"purchasable","19":"product-type-variable","20":"add-to-wishlist-before_image"},"exclude_global_add_ons":[],"addons":[],"acf":[],"_links":{"self":[{"href":"https:\/\/shop.kustom.ch\/en\/wp-json\/wp\/v2\/product\/696095"}],"collection":[{"href":"https:\/\/shop.kustom.ch\/en\/wp-json\/wp\/v2\/product"}],"about":[{"href":"https:\/\/shop.kustom.ch\/en\/wp-json\/wp\/v2\/types\/product"}],"wp:featuredmedia":[{"embeddable":true,"href":"https:\/\/shop.kustom.ch\/en\/wp-json\/wp\/v2\/media\/696096"}],"wp:attachment":[{"href":"https:\/\/shop.kustom.ch\/en\/wp-json\/wp\/v2\/media?parent=696095"}],"wp:term":[{"taxonomy":"product_brand","embeddable":true,"href":"https:\/\/shop.kustom.ch\/en\/wp-json\/wp\/v2\/product_brand?post=696095"},{"taxonomy":"product_cat","embeddable":true,"href":"https:\/\/shop.kustom.ch\/en\/wp-json\/wp\/v2\/product_cat?post=696095"},{"taxonomy":"product_tag","embeddable":true,"href":"https:\/\/shop.kustom.ch\/en\/wp-json\/wp\/v2\/product_tag?post=696095"}],"curies":[{"name":"wp","href":"https:\/\/api.w.org\/{rel}","templated":true}]}}