{"id":695799,"date":"2026-03-16T16:14:56","date_gmt":"2026-03-16T15:14:56","guid":{"rendered":"https:\/\/shop.kustom.ch\/?post_type=product&#038;p=695799"},"modified":"2026-03-31T08:53:48","modified_gmt":"2026-03-31T07:53:48","slug":"damen-hybrid-sweater-2","status":"publish","type":"product","link":"https:\/\/shop.kustom.ch\/en\/product\/damen-hybrid-sweater-2\/","title":{"rendered":"Ladies Hybrid Sweater"},"content":{"rendered":"<p>A sweatshirt with a zip for the female figure. Works just as well as a jacket or jumper, depending on what you're doing. This sweatshirt jacket has a quilted front and is unlined. An excellent garment for printing with your company logo.<\/p>\n<p>100% polyester, piqu\u00e9 fleece, brushed on one side, 260 g\/m\u00b2<\/p>","protected":false},"excerpt":{"rendered":"<p>Ein Sweatshirt mit Reissverschluss f\u00fcr die weibliche Figur. Funktioniert genauso gut wie eine Jacke oder ein Pullover, je nachdem, was Sie gerade tun. Diese Sweatshirt-Jacke hat eine gesteppte Vorderseite und ist ungef\u00fcttert. Ein hervorragendes Kleidungsst\u00fcck zum Bedrucken mit Ihrem Firmenlogo. 100% Polyester, Pikee Fleece, einseitig aufgeb\u00fcrstet, 260 g\/m\u00b2<\/p>","protected":false},"featured_media":695800,"template":"","meta":[],"product_brand":[],"product_cat":[4184],"product_tag":[],"class_list":{"0":"post-695799","1":"product","2":"type-product","3":"status-publish","4":"has-post-thumbnail","6":"product_cat-hoodies-pullover","7":"pa_brand-blaklaeder","8":"pa_brand-type-workwear","9":"pa_filter-color-blau","10":"pa_filter-color-gelb","11":"pa_filter-color-grau","12":"pa_filter-color-gruen","13":"pa_filter-color-rot","14":"pa_filter-color-schwarz","16":"first","17":"instock","18":"sale","19":"taxable","20":"shipping-taxable","21":"purchasable","22":"product-type-variable","23":"add-to-wishlist-before_image"},"exclude_global_add_ons":[],"addons":[],"acf":[],"_links":{"self":[{"href":"https:\/\/shop.kustom.ch\/en\/wp-json\/wp\/v2\/product\/695799"}],"collection":[{"href":"https:\/\/shop.kustom.ch\/en\/wp-json\/wp\/v2\/product"}],"about":[{"href":"https:\/\/shop.kustom.ch\/en\/wp-json\/wp\/v2\/types\/product"}],"wp:featuredmedia":[{"embeddable":true,"href":"https:\/\/shop.kustom.ch\/en\/wp-json\/wp\/v2\/media\/695800"}],"wp:attachment":[{"href":"https:\/\/shop.kustom.ch\/en\/wp-json\/wp\/v2\/media?parent=695799"}],"wp:term":[{"taxonomy":"product_brand","embeddable":true,"href":"https:\/\/shop.kustom.ch\/en\/wp-json\/wp\/v2\/product_brand?post=695799"},{"taxonomy":"product_cat","embeddable":true,"href":"https:\/\/shop.kustom.ch\/en\/wp-json\/wp\/v2\/product_cat?post=695799"},{"taxonomy":"product_tag","embeddable":true,"href":"https:\/\/shop.kustom.ch\/en\/wp-json\/wp\/v2\/product_tag?post=695799"}],"curies":[{"name":"wp","href":"https:\/\/api.w.org\/{rel}","templated":true}]}}