{"id":695778,"date":"2026-03-16T16:14:35","date_gmt":"2026-03-16T15:14:35","guid":{"rendered":"https:\/\/shop.kustom.ch\/?post_type=product&#038;p=695778"},"modified":"2026-03-31T08:53:33","modified_gmt":"2026-03-31T07:53:33","slug":"damen-multinorm-sweatshirt-inhaerent","status":"publish","type":"product","link":"https:\/\/shop.kustom.ch\/en\/product\/damen-multinorm-sweatshirt-inhaerent\/","title":{"rendered":"Ladies multinorm sweatshirt Inherent"},"content":{"rendered":"<p>Crew neck sweatshirt with inherent flame-retardant, anti-static properties - a reliable choice for professions that require protection against heat, electric arcs and static electricity. The segmented reflective stripes ensure optimum visibility while maintaining the garment's flexibility and freedom of movement. Dark colour patches in areas exposed to dirt give the garment a clean and professional appearance. The brushed inside ensures excellent wearing comfort. The sweatshirt is certified according to several standards and fulfils the visibility requirements of class 2 (sizes XS-S) and class 3 (from size M). Certified according to EN 61482-2, APC 1 - arc flash protection, EN 1149-5 - antistatic protection, EN ISO 20471 - high visibility, EN ISO 11612 - protection against heat and flames. Blue areas in quality 1762, also available as men's model 3088.<\/p>\n<p>37% FR polyester, 37% modacrylic, 25% cotton, 1% antistatic fibre, sweatshirt fabric, flame-retardant, antistatic, brushed inside, 330 g\/m\u00b2<\/p>","protected":false},"excerpt":{"rendered":"<p>Sweatshirt mit Rundhalsausschnitt und inh\u00e4renten flammhemmenden, antistatischen Eigenschaften &#8211; eine zuverl\u00e4ssige Wahl f\u00fcr Berufe, die Schutz vor Hitze, St\u00f6rlichtb\u00f6gen und statischer Elektrizit\u00e4t erfordern. Die segmentierten Reflexstreifen sorgen f\u00fcr optimale Sichtbarkeit, w\u00e4hrend die Flexibilit\u00e4t und Bewegungsfreiheit des Kleidungsst\u00fccks erhalten bleibt. Dunkle Farbfelder in Schmutz ausgesetzten Bereichen sorgen f\u00fcr ein sauberes und professionelles Erscheinungsbild der Kleidung. Die [&hellip;]<\/p>\n","protected":false},"featured_media":695779,"template":"","meta":[],"product_brand":[],"product_cat":[4184],"product_tag":[],"class_list":{"0":"post-695778","1":"product","2":"type-product","3":"status-publish","4":"has-post-thumbnail","6":"product_cat-hoodies-pullover","7":"pa_brand-blaklaeder","8":"pa_brand-type-workwear","9":"pa_filter-color-blau","10":"pa_filter-color-gelb","11":"pa_filter-color-orange","13":"first","14":"instock","15":"sale","16":"taxable","17":"shipping-taxable","18":"purchasable","19":"product-type-variable","20":"add-to-wishlist-before_image"},"exclude_global_add_ons":[],"addons":[],"acf":[],"_links":{"self":[{"href":"https:\/\/shop.kustom.ch\/en\/wp-json\/wp\/v2\/product\/695778"}],"collection":[{"href":"https:\/\/shop.kustom.ch\/en\/wp-json\/wp\/v2\/product"}],"about":[{"href":"https:\/\/shop.kustom.ch\/en\/wp-json\/wp\/v2\/types\/product"}],"wp:featuredmedia":[{"embeddable":true,"href":"https:\/\/shop.kustom.ch\/en\/wp-json\/wp\/v2\/media\/695779"}],"wp:attachment":[{"href":"https:\/\/shop.kustom.ch\/en\/wp-json\/wp\/v2\/media?parent=695778"}],"wp:term":[{"taxonomy":"product_brand","embeddable":true,"href":"https:\/\/shop.kustom.ch\/en\/wp-json\/wp\/v2\/product_brand?post=695778"},{"taxonomy":"product_cat","embeddable":true,"href":"https:\/\/shop.kustom.ch\/en\/wp-json\/wp\/v2\/product_cat?post=695778"},{"taxonomy":"product_tag","embeddable":true,"href":"https:\/\/shop.kustom.ch\/en\/wp-json\/wp\/v2\/product_tag?post=695778"}],"curies":[{"name":"wp","href":"https:\/\/api.w.org\/{rel}","templated":true}]}}