{"id":695694,"date":"2026-03-16T16:13:46","date_gmt":"2026-03-16T15:13:46","guid":{"rendered":"https:\/\/shop.kustom.ch\/?post_type=product&#038;p=695694"},"modified":"2026-03-31T08:53:08","modified_gmt":"2026-03-31T07:53:08","slug":"t-shirt-loose-fit","status":"publish","type":"product","link":"https:\/\/shop.kustom.ch\/en\/product\/t-shirt-loose-fit\/","title":{"rendered":"Loose fit T-shirt"},"content":{"rendered":"<p>T-shirt made from cotton jersey. It has a round, ribbed neckline, a dropped shoulder seam and a loose fit for a generous silhouette - perfect for work and leisure.<\/p>\n<p>100% Cotton, jersey, 180 g\/m\u00b2<\/p>","protected":false},"excerpt":{"rendered":"<p>T-Shirt aus Baumwolljersey. Es hat einen runden, gerippten Ausschnitt, eine tiefe Schulternaht und eine lockere Passform f\u00fcr eine grossz\u00fcgige Silhouette &#8211; perfekt f\u00fcr die Arbeit und die Freizeit. 100% Baumwolle, Jersey, 180 g\/m\u00b2<\/p>","protected":false},"featured_media":695695,"template":"","meta":[],"product_brand":[],"product_cat":[4201],"product_tag":[],"class_list":{"0":"post-695694","1":"product","2":"type-product","3":"status-publish","4":"has-post-thumbnail","6":"product_cat-t-shirts","7":"pa_brand-blaklaeder","8":"pa_brand-type-workwear","9":"pa_filter-color-blau","10":"pa_filter-color-braun","11":"pa_filter-color-gruen","12":"pa_filter-color-orange","13":"pa_filter-color-schwarz","14":"pa_filter-color-weiss","16":"first","17":"instock","18":"sale","19":"taxable","20":"shipping-taxable","21":"purchasable","22":"product-type-variable","23":"add-to-wishlist-before_image"},"exclude_global_add_ons":[],"addons":[],"acf":[],"_links":{"self":[{"href":"https:\/\/shop.kustom.ch\/en\/wp-json\/wp\/v2\/product\/695694"}],"collection":[{"href":"https:\/\/shop.kustom.ch\/en\/wp-json\/wp\/v2\/product"}],"about":[{"href":"https:\/\/shop.kustom.ch\/en\/wp-json\/wp\/v2\/types\/product"}],"wp:featuredmedia":[{"embeddable":true,"href":"https:\/\/shop.kustom.ch\/en\/wp-json\/wp\/v2\/media\/695695"}],"wp:attachment":[{"href":"https:\/\/shop.kustom.ch\/en\/wp-json\/wp\/v2\/media?parent=695694"}],"wp:term":[{"taxonomy":"product_brand","embeddable":true,"href":"https:\/\/shop.kustom.ch\/en\/wp-json\/wp\/v2\/product_brand?post=695694"},{"taxonomy":"product_cat","embeddable":true,"href":"https:\/\/shop.kustom.ch\/en\/wp-json\/wp\/v2\/product_cat?post=695694"},{"taxonomy":"product_tag","embeddable":true,"href":"https:\/\/shop.kustom.ch\/en\/wp-json\/wp\/v2\/product_tag?post=695694"}],"curies":[{"name":"wp","href":"https:\/\/api.w.org\/{rel}","templated":true}]}}