{"id":695467,"date":"2026-03-16T16:09:29","date_gmt":"2026-03-16T15:09:29","guid":{"rendered":"https:\/\/shop.kustom.ch\/?post_type=product&#038;p=695467"},"modified":"2026-03-31T08:47:50","modified_gmt":"2026-03-31T07:47:50","slug":"wollhandschuh-supreme-warm-wollfutter","status":"publish","type":"product","link":"https:\/\/shop.kustom.ch\/en\/product\/wollhandschuh-supreme-warm-wollfutter\/","title":{"rendered":"Wool glove Supreme Warm wool lining"},"content":{"rendered":"<p>A thin and flexible glove made of wool, ideal as an inner glove. The wool provides excellent insulation and moisture-regulating properties that keep your hands warm and dry. The glove has a touchscreen function on the thumb and index finger and is available in sizes Small, Medium and Large. If you use the glove as an inner glove, you should increase the size of the outer glove for more space and comfort. This glove is certified to the Responsible Wool Standard, which ensures the welfare of sheep and pastures throughout the supply chain. The glove is part of the Supreme Warm collection, which guarantees the highest quality and comfort.<\/p>\n<p>67% wool, 23% polyamide, 9% elastane, 1% other fibres<\/p>","protected":false},"excerpt":{"rendered":"<p>Ein d\u00fcnner und flexibler Handschuh aus Wolle, ideal als Innenhandschuh. Die Wolle bietet eine hervorragende Isolierung und feuchtigkeitsregulierende Eigenschaften, die Ihre H\u00e4nde warm und trocken halten. Der Handschuh verf\u00fcgt \u00fcber eine Touchscreen-Funktion an Daumen und Zeigefinger und ist in den Gr\u00f6ssen Small, Medium und Large erh\u00e4ltlich. Wenn Sie den Handschuh als Innenhandschuh verwenden, sollten Sie [&hellip;]<\/p>\n","protected":false},"featured_media":695482,"template":"","meta":[],"product_brand":[],"product_cat":[4180],"product_tag":[],"class_list":{"0":"post-695467","1":"product","2":"type-product","3":"status-publish","4":"has-post-thumbnail","6":"product_cat-handschuhe","7":"pa_brand-blaklaeder","8":"pa_brand-type-workwear","9":"pa_filter-color-schwarz","11":"first","12":"instock","13":"sale","14":"taxable","15":"shipping-taxable","16":"purchasable","17":"product-type-variable","18":"add-to-wishlist-before_image"},"exclude_global_add_ons":[],"addons":[],"acf":[],"_links":{"self":[{"href":"https:\/\/shop.kustom.ch\/en\/wp-json\/wp\/v2\/product\/695467"}],"collection":[{"href":"https:\/\/shop.kustom.ch\/en\/wp-json\/wp\/v2\/product"}],"about":[{"href":"https:\/\/shop.kustom.ch\/en\/wp-json\/wp\/v2\/types\/product"}],"wp:featuredmedia":[{"embeddable":true,"href":"https:\/\/shop.kustom.ch\/en\/wp-json\/wp\/v2\/media\/695482"}],"wp:attachment":[{"href":"https:\/\/shop.kustom.ch\/en\/wp-json\/wp\/v2\/media?parent=695467"}],"wp:term":[{"taxonomy":"product_brand","embeddable":true,"href":"https:\/\/shop.kustom.ch\/en\/wp-json\/wp\/v2\/product_brand?post=695467"},{"taxonomy":"product_cat","embeddable":true,"href":"https:\/\/shop.kustom.ch\/en\/wp-json\/wp\/v2\/product_cat?post=695467"},{"taxonomy":"product_tag","embeddable":true,"href":"https:\/\/shop.kustom.ch\/en\/wp-json\/wp\/v2\/product_tag?post=695467"}],"curies":[{"name":"wp","href":"https:\/\/api.w.org\/{rel}","templated":true}]}}