{"id":695443,"date":"2026-03-16T16:08:55","date_gmt":"2026-03-16T15:08:55","guid":{"rendered":"https:\/\/shop.kustom.ch\/?post_type=product&#038;p=695443"},"modified":"2026-03-31T08:47:49","modified_gmt":"2026-03-31T07:47:49","slug":"schnittschutz-handschuh-f-touch-nitril-getaucht","status":"publish","type":"product","link":"https:\/\/shop.kustom.ch\/en\/product\/schnittschutz-handschuh-f-touch-nitril-getaucht\/","title":{"rendered":"Cut protection glove F Touch nitrile-dipped"},"content":{"rendered":"<p>Thin and flexible cut protection glove with the highest possible level of cut protection, touch function and thumb reinforcement. The glove is equipped with a nitrile coating in the palm and an airy outside, making it a versatile glove that is ideal for environments with an increased risk of cut injuries. Certified for contact heat level 1.<\/p>\n<p>Nitrile sandy, 15 gauge, cut protection level F, touch<\/p>","protected":false},"excerpt":{"rendered":"<p>D\u00fcnner und flexibler Schnittschutz Handschuh mit h\u00f6chstm\u00f6glichem Schnittschutzniveau, Touch-Funktion und Daumenverst\u00e4rkung. Der Handschuh ist mit einer Nitrilbeschichtung in der Handfl\u00e4che und einer luftigen Aussenseite ausgestattet, was ihn zu einem vielseitigen Handschuh macht, der ideal f\u00fcr Umgebungen mit einem erh\u00f6hten Risiko von Schnittverletzungen geeignet ist. Zertifiziert f\u00fcr Kontaktw\u00e4rme Level 1. Nitril sandig, 15 Gauge, Schnittschutzlevel F, [&hellip;]<\/p>\n","protected":false},"featured_media":695475,"template":"","meta":[],"product_brand":[],"product_cat":[4180],"product_tag":[],"class_list":{"0":"post-695443","1":"product","2":"type-product","3":"status-publish","4":"has-post-thumbnail","6":"product_cat-handschuhe","7":"pa_brand-blaklaeder","8":"pa_brand-type-workwear","9":"pa_filter-color-schwarz","11":"first","12":"instock","13":"sale","14":"taxable","15":"shipping-taxable","16":"purchasable","17":"product-type-variable","18":"add-to-wishlist-before_image"},"exclude_global_add_ons":[],"addons":[],"acf":[],"_links":{"self":[{"href":"https:\/\/shop.kustom.ch\/en\/wp-json\/wp\/v2\/product\/695443"}],"collection":[{"href":"https:\/\/shop.kustom.ch\/en\/wp-json\/wp\/v2\/product"}],"about":[{"href":"https:\/\/shop.kustom.ch\/en\/wp-json\/wp\/v2\/types\/product"}],"wp:featuredmedia":[{"embeddable":true,"href":"https:\/\/shop.kustom.ch\/en\/wp-json\/wp\/v2\/media\/695475"}],"wp:attachment":[{"href":"https:\/\/shop.kustom.ch\/en\/wp-json\/wp\/v2\/media?parent=695443"}],"wp:term":[{"taxonomy":"product_brand","embeddable":true,"href":"https:\/\/shop.kustom.ch\/en\/wp-json\/wp\/v2\/product_brand?post=695443"},{"taxonomy":"product_cat","embeddable":true,"href":"https:\/\/shop.kustom.ch\/en\/wp-json\/wp\/v2\/product_cat?post=695443"},{"taxonomy":"product_tag","embeddable":true,"href":"https:\/\/shop.kustom.ch\/en\/wp-json\/wp\/v2\/product_tag?post=695443"}],"curies":[{"name":"wp","href":"https:\/\/api.w.org\/{rel}","templated":true}]}}