{"id":695442,"date":"2026-03-16T16:08:54","date_gmt":"2026-03-16T15:08:54","guid":{"rendered":"https:\/\/shop.kustom.ch\/?post_type=product&#038;p=695442"},"modified":"2026-03-31T08:47:42","modified_gmt":"2026-03-31T07:47:42","slug":"schnittschutz-handschuh-d","status":"publish","type":"product","link":"https:\/\/shop.kustom.ch\/en\/product\/schnittschutz-handschuh-d\/","title":{"rendered":"Cut protection glove D"},"content":{"rendered":"<p>A thin, flexible and liquid-tight cut protection glove with protection class D and touch function. The nitrile coating around the entire glove makes it liquid-tight and suitable for wet and oily environments where there is a risk of cuts. Free from metal and glass fibres. Contact heat level 1 Cut protection level D Touch function Liquid-tight nitrile coating Reinforcement in the crook of the thumb Sizes 6-12<\/p>\n<p>Nitrile, sandy, 18 gauge, cut resistance D, water-repellent<\/p>","protected":false},"excerpt":{"rendered":"<p>Ein d\u00fcnner, flexibler und fl\u00fcssigkeitsdichter Schnittschutz Handschuh mit Schutzklasse D und Touch-Funktion. Die Nitrilbeschichtung um den gesamten Handschuh herum macht ihn fl\u00fcssigkeitsdicht und geeignet f\u00fcr nasse und \u00f6lige Umgebungen, in denen Schnittgefahr besteht. Frei von Metall und Glasfasern. Kontakthitze Stufe 1. Schnittschutzstufe D Touch-Funktion Fl\u00fcssigkeitsdichte Nitrilbeschichtung Verst\u00e4rkung im Daumenbeuge Gr\u00f6ssen 6-12 Nitril, sandig, 18 Gauge, [&hellip;]<\/p>\n","protected":false},"featured_media":695466,"template":"","meta":[],"product_brand":[],"product_cat":[4180],"product_tag":[],"class_list":{"0":"post-695442","1":"product","2":"type-product","3":"status-publish","4":"has-post-thumbnail","6":"product_cat-handschuhe","7":"pa_brand-blaklaeder","8":"pa_brand-type-workwear","9":"pa_filter-color-schwarz","11":"first","12":"instock","13":"sale","14":"taxable","15":"shipping-taxable","16":"purchasable","17":"product-type-variable","18":"add-to-wishlist-before_image"},"exclude_global_add_ons":[],"addons":[],"acf":[],"_links":{"self":[{"href":"https:\/\/shop.kustom.ch\/en\/wp-json\/wp\/v2\/product\/695442"}],"collection":[{"href":"https:\/\/shop.kustom.ch\/en\/wp-json\/wp\/v2\/product"}],"about":[{"href":"https:\/\/shop.kustom.ch\/en\/wp-json\/wp\/v2\/types\/product"}],"wp:featuredmedia":[{"embeddable":true,"href":"https:\/\/shop.kustom.ch\/en\/wp-json\/wp\/v2\/media\/695466"}],"wp:attachment":[{"href":"https:\/\/shop.kustom.ch\/en\/wp-json\/wp\/v2\/media?parent=695442"}],"wp:term":[{"taxonomy":"product_brand","embeddable":true,"href":"https:\/\/shop.kustom.ch\/en\/wp-json\/wp\/v2\/product_brand?post=695442"},{"taxonomy":"product_cat","embeddable":true,"href":"https:\/\/shop.kustom.ch\/en\/wp-json\/wp\/v2\/product_cat?post=695442"},{"taxonomy":"product_tag","embeddable":true,"href":"https:\/\/shop.kustom.ch\/en\/wp-json\/wp\/v2\/product_tag?post=695442"}],"curies":[{"name":"wp","href":"https:\/\/api.w.org\/{rel}","templated":true}]}}