{"id":695390,"date":"2026-03-16T16:07:49","date_gmt":"2026-03-16T15:07:49","guid":{"rendered":"https:\/\/shop.kustom.ch\/?post_type=product&#038;p=695390"},"modified":"2026-03-31T08:46:29","modified_gmt":"2026-03-31T07:46:29","slug":"winterhandschuh-supreme-strong-2","status":"publish","type":"product","link":"https:\/\/shop.kustom.ch\/en\/product\/winterhandschuh-supreme-strong-2\/","title":{"rendered":"Winter glove Supreme Strong"},"content":{"rendered":"<p>The model 2881 is a durable, waterproof winter glove lined with 40 g Thinsulate\u2122 and soft fleece that offers a high degree of dexterity. It has a short cuff and a pre-shaped design with a padded palm for high comfort. The touchscreen function on the back of the index finger makes it possible to operate screens without having to remove the glove. The yellow back of the hand increases visibility. Designed for tough and cold working environments where dexterity is important, such as construction. This model can be combined with a woollen glove (2999) for extra warmth. When using an inner glove, the size of the outer glove should be increased. The Supreme Strong models are made of high-quality synthetic leather, which offers excellent dexterity and high durability. Waterproof and fully lined Short cuff for easy donning and doffing Perfect fit Touchscreen function on the back of the index finger High-quality synthetic leather Suitable for cold and wet environments Sizes 6-13<\/p>\n<p>PU, polyester<\/p>","protected":false},"excerpt":{"rendered":"<p>Das Modell 2881 ist ein strapazierf\u00e4higer, wasserdichter Winterhandschuh, gef\u00fcttert mit 40 g Thinsulate\u2122 und weichem Fleece, der ein hohes Mass an Fingerfertigkeit bietet. Er verf\u00fcgt \u00fcber eine kurze Stulpe und ein vorgeformtes Design mit einer gepolsterten Handfl\u00e4che f\u00fcr hohen Komfort. Die Touchscreen-Funktion auf der R\u00fcckseite des Zeigefingers erm\u00f6glicht die Bedienung von Bildschirmen, ohne den Handschuh [&hellip;]<\/p>\n","protected":false},"featured_media":695404,"template":"","meta":[],"product_brand":[],"product_cat":[4180],"product_tag":[],"class_list":{"0":"post-695390","1":"product","2":"type-product","3":"status-publish","4":"has-post-thumbnail","6":"product_cat-handschuhe","7":"pa_brand-blaklaeder","8":"pa_brand-type-workwear","9":"pa_filter-color-gelb","11":"first","12":"instock","13":"sale","14":"taxable","15":"shipping-taxable","16":"purchasable","17":"product-type-variable","18":"add-to-wishlist-before_image"},"exclude_global_add_ons":[],"addons":[],"acf":[],"_links":{"self":[{"href":"https:\/\/shop.kustom.ch\/en\/wp-json\/wp\/v2\/product\/695390"}],"collection":[{"href":"https:\/\/shop.kustom.ch\/en\/wp-json\/wp\/v2\/product"}],"about":[{"href":"https:\/\/shop.kustom.ch\/en\/wp-json\/wp\/v2\/types\/product"}],"wp:featuredmedia":[{"embeddable":true,"href":"https:\/\/shop.kustom.ch\/en\/wp-json\/wp\/v2\/media\/695404"}],"wp:attachment":[{"href":"https:\/\/shop.kustom.ch\/en\/wp-json\/wp\/v2\/media?parent=695390"}],"wp:term":[{"taxonomy":"product_brand","embeddable":true,"href":"https:\/\/shop.kustom.ch\/en\/wp-json\/wp\/v2\/product_brand?post=695390"},{"taxonomy":"product_cat","embeddable":true,"href":"https:\/\/shop.kustom.ch\/en\/wp-json\/wp\/v2\/product_cat?post=695390"},{"taxonomy":"product_tag","embeddable":true,"href":"https:\/\/shop.kustom.ch\/en\/wp-json\/wp\/v2\/product_tag?post=695390"}],"curies":[{"name":"wp","href":"https:\/\/api.w.org\/{rel}","templated":true}]}}