{"id":695388,"date":"2026-03-16T16:07:49","date_gmt":"2026-03-16T15:07:49","guid":{"rendered":"https:\/\/shop.kustom.ch\/?post_type=product&#038;p=695388"},"modified":"2026-03-31T08:46:22","modified_gmt":"2026-03-31T07:46:22","slug":"kinderhandschuh","status":"publish","type":"product","link":"https:\/\/shop.kustom.ch\/en\/product\/kinderhandschuh\/","title":{"rendered":"Children's glove"},"content":{"rendered":"<p>An unlined, thin children's glove with high fingertip sensitivity and good dexterity, which prevents discomfort when worn. The glove has a touch function on the fingers, thumb and palm. It has a synthetic leather palm, reinforced fingertips and a reinforced index finger. Ideal for use in dirty and damp environments. Also suitable for adults with smaller hands who need a fully functional work glove. The 2878 is the children's version of the 2873. Both the 2878 and 2873 are available in size 6, with the 2878 having a narrower fit and shorter fingers. Thin and flexible Touch function Good dexterity Synthetic leather palm Certified to EN 388<\/p>\n<p>PU with touch function, polyester<\/p>","protected":false},"excerpt":{"rendered":"<p>Ein ungef\u00fctterter, d\u00fcnner Kinderhandschuh mit hoher Fingerspitzenempfindlichkeit und guter Fingerfertigkeit, der Unannehmlichkeiten beim Tragen verhindert. Der Handschuh verf\u00fcgt \u00fcber eine Touch-Funktion an den Fingern, dem Daumen und der Handfl\u00e4che. Er hat eine Handfl\u00e4che aus Kunstleder, verst\u00e4rkte Fingerspitzen und einen verst\u00e4rkten Zeigefinger. Ideal f\u00fcr den Einsatz in schmutzigen und feuchten Umgebungen. Auch f\u00fcr Erwachsene mit kleineren [&hellip;]<\/p>\n","protected":false},"featured_media":695392,"template":"","meta":[],"product_brand":[],"product_cat":[4180],"product_tag":[],"class_list":{"0":"post-695388","1":"product","2":"type-product","3":"status-publish","4":"has-post-thumbnail","6":"product_cat-handschuhe","7":"pa_brand-blaklaeder","8":"pa_brand-type-workwear","9":"pa_filter-color-grau","11":"first","12":"instock","13":"sale","14":"taxable","15":"shipping-taxable","16":"purchasable","17":"product-type-variable","18":"add-to-wishlist-before_image"},"exclude_global_add_ons":[],"addons":[],"acf":[],"_links":{"self":[{"href":"https:\/\/shop.kustom.ch\/en\/wp-json\/wp\/v2\/product\/695388"}],"collection":[{"href":"https:\/\/shop.kustom.ch\/en\/wp-json\/wp\/v2\/product"}],"about":[{"href":"https:\/\/shop.kustom.ch\/en\/wp-json\/wp\/v2\/types\/product"}],"wp:featuredmedia":[{"embeddable":true,"href":"https:\/\/shop.kustom.ch\/en\/wp-json\/wp\/v2\/media\/695392"}],"wp:attachment":[{"href":"https:\/\/shop.kustom.ch\/en\/wp-json\/wp\/v2\/media?parent=695388"}],"wp:term":[{"taxonomy":"product_brand","embeddable":true,"href":"https:\/\/shop.kustom.ch\/en\/wp-json\/wp\/v2\/product_brand?post=695388"},{"taxonomy":"product_cat","embeddable":true,"href":"https:\/\/shop.kustom.ch\/en\/wp-json\/wp\/v2\/product_cat?post=695388"},{"taxonomy":"product_tag","embeddable":true,"href":"https:\/\/shop.kustom.ch\/en\/wp-json\/wp\/v2\/product_tag?post=695388"}],"curies":[{"name":"wp","href":"https:\/\/api.w.org\/{rel}","templated":true}]}}