{"id":695364,"date":"2026-03-16T16:07:16","date_gmt":"2026-03-16T15:07:16","guid":{"rendered":"https:\/\/shop.kustom.ch\/?post_type=product&#038;p=695364"},"modified":"2026-03-31T08:45:51","modified_gmt":"2026-03-31T07:45:51","slug":"beheizbarer-handschuh-supreme-warm","status":"publish","type":"product","link":"https:\/\/shop.kustom.ch\/en\/product\/beheizbarer-handschuh-supreme-warm\/","title":{"rendered":"Supreme Warm heated glove"},"content":{"rendered":"<p>Insulated and waterproof glove with integrated Clim8\u00ae inserts - ideal for anyone who gets cold hands quickly. The heat can be adjusted to 3 different levels using a button on the outside; the battery is located inside the cuff. The heating inserts on the back of the hand switch on and off automatically when the glove is worn or removed. The glove has a long cuff with Velcro fastening on the wrist and a snow guard on the underside for individual adjustment. A wrist strap can be used to attach the glove if you need to work without it for a short time. The glove is suitable for extremely cold environments where physical activity is low. Battery life: 2.5-5 hours, depending on heat setting and other conditions. Battery (3000 mAh) and USB-C charger included. The 2816 is part of the Supreme Warm collection, which guarantees the highest quality and comfort. Heatable glove with integrated inserts Fully lined and waterproof Reinforced palm Velcro wrist fastening Snow guard and wrist strap Sizes 7-12<\/p>\n<p>Full-grain goatskin, polyamide<\/p>","protected":false},"excerpt":{"rendered":"<p>Isolierter und wasserdichter Handschuh mit integrierten Clim8\u00ae Eins\u00e4tzen &#8211; ideal f\u00fcr alle, die schnell kalte H\u00e4nde bekommen. Die W\u00e4rme ist mit einem Knopf an der Aussenseite in 3 verschiedenen Stufen anpassbar, die Batterie befindet sich im Inneren der Manschette. Die Heizeins\u00e4tze auf dem Handr\u00fccken schalten sich automatisch ein und aus, wenn der Handschuh getragen oder [&hellip;]<\/p>\n","protected":false},"featured_media":695372,"template":"","meta":[],"product_brand":[],"product_cat":[4180],"product_tag":[],"class_list":{"0":"post-695364","1":"product","2":"type-product","3":"status-publish","4":"has-post-thumbnail","6":"product_cat-handschuhe","7":"pa_brand-blaklaeder","8":"pa_brand-type-workwear","9":"pa_filter-color-schwarz","10":"pa_filter-color-weiss","12":"first","13":"instock","14":"sale","15":"taxable","16":"shipping-taxable","17":"purchasable","18":"product-type-variable","19":"add-to-wishlist-before_image"},"exclude_global_add_ons":[],"addons":[],"acf":[],"_links":{"self":[{"href":"https:\/\/shop.kustom.ch\/en\/wp-json\/wp\/v2\/product\/695364"}],"collection":[{"href":"https:\/\/shop.kustom.ch\/en\/wp-json\/wp\/v2\/product"}],"about":[{"href":"https:\/\/shop.kustom.ch\/en\/wp-json\/wp\/v2\/types\/product"}],"wp:featuredmedia":[{"embeddable":true,"href":"https:\/\/shop.kustom.ch\/en\/wp-json\/wp\/v2\/media\/695372"}],"wp:attachment":[{"href":"https:\/\/shop.kustom.ch\/en\/wp-json\/wp\/v2\/media?parent=695364"}],"wp:term":[{"taxonomy":"product_brand","embeddable":true,"href":"https:\/\/shop.kustom.ch\/en\/wp-json\/wp\/v2\/product_brand?post=695364"},{"taxonomy":"product_cat","embeddable":true,"href":"https:\/\/shop.kustom.ch\/en\/wp-json\/wp\/v2\/product_cat?post=695364"},{"taxonomy":"product_tag","embeddable":true,"href":"https:\/\/shop.kustom.ch\/en\/wp-json\/wp\/v2\/product_tag?post=695364"}],"curies":[{"name":"wp","href":"https:\/\/api.w.org\/{rel}","templated":true}]}}