{"id":695363,"date":"2026-03-16T16:07:16","date_gmt":"2026-03-16T15:07:16","guid":{"rendered":"https:\/\/shop.kustom.ch\/?post_type=product&#038;p=695363"},"modified":"2026-03-31T08:45:50","modified_gmt":"2026-03-31T07:45:50","slug":"winterhandschuh-supreme-warm-3","status":"publish","type":"product","link":"https:\/\/shop.kustom.ch\/en\/product\/winterhandschuh-supreme-warm-3\/","title":{"rendered":"Winter glove Supreme Warm"},"content":{"rendered":"<p>A lined and waterproof glove of the highest quality with good dexterity. The soft leather ensures perfect wearing comfort and the reinforced palm areas increase durability. The glove has a short cuff with Velcro fastening, ideal for wearing under jacket sleeves. Designed for harsh and cold environments. Combine with the woollen glove (model 2999) for extra warmth. When using an inner glove, the size of the outer glove should be increased. Model 2814 is part of the Supreme Warm collection, which guarantees the highest quality and comfort. Waterproof and fully lined Short cuff with Velcro fastening Leather with reinforced palm Suitable for cold and harsh environments Sizes 7-12<\/p>\n<p>Full-grain goatskin, polyamide<\/p>","protected":false},"excerpt":{"rendered":"<p>Ein gef\u00fctterter und wasserdichter Handschuh von h\u00f6chster Qualit\u00e4t mit guter Fingerfertigkeit. Das weiche Leder sorgt f\u00fcr perfekten Tragekomfort und die verst\u00e4rkten Handfl\u00e4chenbereiche erh\u00f6hen die Haltbarkeit. Der Handschuh hat eine kurze Stulpe mit Klettverschluss, ideal zum Tragen unter Jacken\u00e4rmeln. Entwickelt f\u00fcr raue und kalte Umgebungen. F\u00fcr zus\u00e4tzliche W\u00e4rme mit dem Wollhandschuh (Modell 2999) kombinieren. Bei Verwendung [&hellip;]<\/p>\n","protected":false},"featured_media":695365,"template":"","meta":[],"product_brand":[],"product_cat":[4180],"product_tag":[],"class_list":{"0":"post-695363","1":"product","2":"type-product","3":"status-publish","4":"has-post-thumbnail","6":"product_cat-handschuhe","7":"pa_brand-blaklaeder","8":"pa_brand-type-workwear","9":"pa_filter-color-schwarz","10":"pa_filter-color-weiss","12":"first","13":"instock","14":"sale","15":"taxable","16":"shipping-taxable","17":"purchasable","18":"product-type-variable","19":"add-to-wishlist-before_image"},"exclude_global_add_ons":[],"addons":[],"acf":[],"_links":{"self":[{"href":"https:\/\/shop.kustom.ch\/en\/wp-json\/wp\/v2\/product\/695363"}],"collection":[{"href":"https:\/\/shop.kustom.ch\/en\/wp-json\/wp\/v2\/product"}],"about":[{"href":"https:\/\/shop.kustom.ch\/en\/wp-json\/wp\/v2\/types\/product"}],"wp:featuredmedia":[{"embeddable":true,"href":"https:\/\/shop.kustom.ch\/en\/wp-json\/wp\/v2\/media\/695365"}],"wp:attachment":[{"href":"https:\/\/shop.kustom.ch\/en\/wp-json\/wp\/v2\/media?parent=695363"}],"wp:term":[{"taxonomy":"product_brand","embeddable":true,"href":"https:\/\/shop.kustom.ch\/en\/wp-json\/wp\/v2\/product_brand?post=695363"},{"taxonomy":"product_cat","embeddable":true,"href":"https:\/\/shop.kustom.ch\/en\/wp-json\/wp\/v2\/product_cat?post=695363"},{"taxonomy":"product_tag","embeddable":true,"href":"https:\/\/shop.kustom.ch\/en\/wp-json\/wp\/v2\/product_tag?post=695363"}],"curies":[{"name":"wp","href":"https:\/\/api.w.org\/{rel}","templated":true}]}}