{"id":695246,"date":"2026-03-16T16:06:21","date_gmt":"2026-03-16T15:06:21","guid":{"rendered":"https:\/\/shop.kustom.ch\/?post_type=product&#038;p=695246"},"modified":"2026-03-31T08:44:33","modified_gmt":"2026-03-31T07:44:33","slug":"latzhose-inhaerent-apc-2","status":"publish","type":"product","link":"https:\/\/shop.kustom.ch\/en\/product\/latzhose-inhaerent-apc-2\/","title":{"rendered":"Dungarees Inherent APC 2"},"content":{"rendered":"<p>Dungarees made of soft, flexible and hard-wearing material with a thin lining on the front. In the lined areas, the trousers are approved for the higher arc protection class APC 2. Includes a leg pocket with bellows and flap, an inside ID card pocket and a mobile phone pocket on the left side. Two back pockets with flaps and press studs. This metal-free model uses plastic press studs and zips. Certified according to EN 1149-5, EN ISO 11611, EN ISO 11612, EN 61482-2 APC 1 (APC 2 in the lined areas) and EN 13034.<\/p>\n<p>44% modacrylic, 30% cotton, 20% FR polyamide, 5% aramid, 1% antistatic, ripstop, flame-retardant, antistatic, 260 g\/m\u00b2<\/p>","protected":false},"excerpt":{"rendered":"<p>Latzhose aus weichem, flexiblem und strapazierf\u00e4higem Material mit einem d\u00fcnnen Futter auf der Vorderseite. In den gef\u00fctterten Bereichen ist die Hose f\u00fcr die h\u00f6here Lichtbogenschutzklasse-APC 2 zugelassen. Beinhaltet eine Beintasche mit Balg und Patte, ein innenliegendes Ausweisfach und eine Handytasche auf der linken Seite. Zwei Ges\u00e4sstaschen mit Patten, die mit Druckkn\u00f6pfen ausgestattet sind. Bei diesem [&hellip;]<\/p>\n","protected":false},"featured_media":695247,"template":"","meta":[],"product_brand":[],"product_cat":[10448],"product_tag":[],"class_list":{"0":"post-695246","1":"product","2":"type-product","3":"status-publish","4":"has-post-thumbnail","6":"product_cat-latzhose","7":"pa_brand-blaklaeder","8":"pa_brand-type-workwear","9":"pa_filter-color-blau","11":"first","12":"instock","13":"sale","14":"taxable","15":"shipping-taxable","16":"purchasable","17":"product-type-variable","18":"add-to-wishlist-before_image"},"exclude_global_add_ons":[],"addons":[],"acf":[],"_links":{"self":[{"href":"https:\/\/shop.kustom.ch\/en\/wp-json\/wp\/v2\/product\/695246"}],"collection":[{"href":"https:\/\/shop.kustom.ch\/en\/wp-json\/wp\/v2\/product"}],"about":[{"href":"https:\/\/shop.kustom.ch\/en\/wp-json\/wp\/v2\/types\/product"}],"wp:featuredmedia":[{"embeddable":true,"href":"https:\/\/shop.kustom.ch\/en\/wp-json\/wp\/v2\/media\/695247"}],"wp:attachment":[{"href":"https:\/\/shop.kustom.ch\/en\/wp-json\/wp\/v2\/media?parent=695246"}],"wp:term":[{"taxonomy":"product_brand","embeddable":true,"href":"https:\/\/shop.kustom.ch\/en\/wp-json\/wp\/v2\/product_brand?post=695246"},{"taxonomy":"product_cat","embeddable":true,"href":"https:\/\/shop.kustom.ch\/en\/wp-json\/wp\/v2\/product_cat?post=695246"},{"taxonomy":"product_tag","embeddable":true,"href":"https:\/\/shop.kustom.ch\/en\/wp-json\/wp\/v2\/product_tag?post=695246"}],"curies":[{"name":"wp","href":"https:\/\/api.w.org\/{rel}","templated":true}]}}