{"id":695232,"date":"2026-03-16T16:05:11","date_gmt":"2026-03-16T15:05:11","guid":{"rendered":"https:\/\/shop.kustom.ch\/?post_type=product&#038;p=695232"},"modified":"2026-03-31T08:44:06","modified_gmt":"2026-03-31T07:44:06","slug":"blaklaeder-toolrig-wandhalterung","status":"publish","type":"product","link":"https:\/\/shop.kustom.ch\/en\/product\/blaklaeder-toolrig-wandhalterung\/","title":{"rendered":"Bl\u00e5kl\u00e4der ToolRig\u2122 wall bracket"},"content":{"rendered":"<p>Keep everything organised where you need it. This holder is designed for fixed mounting on a wall or other flat surface and serves as a stable base for your ToolRig\u2122 accessories. The wall mount has space for four attachments and is 18 cm long, ideal for a ToolRig\u2122 tool bag or multiple hammer holders. Simply mount it, hang up the equipment and get to work. Need even more capacity? Then simply combine as many holders next to each other as you like. Wood screws for wall mounting are included. Screws and nuts for metal surfaces are also included. You choose the space - the holder keeps everything organised.<\/p>","protected":false},"excerpt":{"rendered":"<p>Sorge f\u00fcr Ordnung, wo du sie brauchst. Diese Halterung ist zur festen Montage an einer Wand oder anderen flachen Oberfl\u00e4chen vorgesehen und dient als stabile Basis f\u00fcr dein ToolRig\u2122 Zubeh\u00f6r. Die Wandhalterung bietet Platz f\u00fcr vier Befestigungen und hat eine L\u00e4nge von 18 cm, ideal f\u00fcr eine ToolRig\u2122 Werkzeugtasche oder auch f\u00fcr mehrere Hammerhalter. Einfach [&hellip;]<\/p>\n","protected":false},"featured_media":695242,"template":"","meta":[],"product_brand":[],"product_cat":[4209],"product_tag":[],"class_list":{"0":"post-695232","1":"product","2":"type-product","3":"status-publish","4":"has-post-thumbnail","6":"product_cat-zubehoer","7":"pa_brand-blaklaeder","8":"pa_brand-type-workwear","9":"pa_filter-color-schwarz","11":"first","12":"instock","13":"sale","14":"taxable","15":"shipping-taxable","16":"purchasable","17":"product-type-variable","18":"add-to-wishlist-before_image"},"exclude_global_add_ons":[],"addons":[],"acf":[],"_links":{"self":[{"href":"https:\/\/shop.kustom.ch\/en\/wp-json\/wp\/v2\/product\/695232"}],"collection":[{"href":"https:\/\/shop.kustom.ch\/en\/wp-json\/wp\/v2\/product"}],"about":[{"href":"https:\/\/shop.kustom.ch\/en\/wp-json\/wp\/v2\/types\/product"}],"wp:featuredmedia":[{"embeddable":true,"href":"https:\/\/shop.kustom.ch\/en\/wp-json\/wp\/v2\/media\/695242"}],"wp:attachment":[{"href":"https:\/\/shop.kustom.ch\/en\/wp-json\/wp\/v2\/media?parent=695232"}],"wp:term":[{"taxonomy":"product_brand","embeddable":true,"href":"https:\/\/shop.kustom.ch\/en\/wp-json\/wp\/v2\/product_brand?post=695232"},{"taxonomy":"product_cat","embeddable":true,"href":"https:\/\/shop.kustom.ch\/en\/wp-json\/wp\/v2\/product_cat?post=695232"},{"taxonomy":"product_tag","embeddable":true,"href":"https:\/\/shop.kustom.ch\/en\/wp-json\/wp\/v2\/product_tag?post=695232"}],"curies":[{"name":"wp","href":"https:\/\/api.w.org\/{rel}","templated":true}]}}