{"id":695228,"date":"2026-03-16T16:05:11","date_gmt":"2026-03-16T15:05:11","guid":{"rendered":"https:\/\/shop.kustom.ch\/?post_type=product&#038;p=695228"},"modified":"2026-03-31T08:44:03","modified_gmt":"2026-03-31T07:44:03","slug":"blaklaeder-toolrig-hammerhalter","status":"publish","type":"product","link":"https:\/\/shop.kustom.ch\/en\/product\/blaklaeder-toolrig-hammerhalter\/","title":{"rendered":"Bl\u00e5kl\u00e4der ToolRig\u2122 hammer holder"},"content":{"rendered":"<p>A robust, adjustable hammer holder that makes work easier. With the Bl\u00e5kl\u00e4der ToolRig\u2122 system, it can be attached quickly and provides a stable place for your hammer where you always have it quickly to hand. The loop size can be adjusted to give you just the right balance between secure storage and quick access. The holder can be rotated 45\u00b0 in both directions so that the hammer can be easily inserted and removed and both right and left-handers can work comfortably. Thanks to the 10 cm long loop, the hammer remains securely in position without swinging, even when you are on the move. If the loop is adjusted to the smallest size, it is also ideal for attaching a stop bracket.<\/p>","protected":false},"excerpt":{"rendered":"<p>Ein robuster, verstellbarer Hammerhalter, der die Arbeit einfacher macht. Mit dem Bl\u00e5kl\u00e4der ToolRig\u2122 System l\u00e4sst er sich schnell befestigen und bietet einen stabilen Platz f\u00fcr deinen Hammer, wo du ihn immer schnell zur Hand hast. Die Schlaufengr\u00f6sse l\u00e4sst sich so einstellen, dass du genau das richtige Mass zwischen sicherer Aufbewahrung und schnellem Zugriff bekommst. Der [&hellip;]<\/p>\n","protected":false},"featured_media":695234,"template":"","meta":[],"product_brand":[],"product_cat":[4209],"product_tag":[],"class_list":{"0":"post-695228","1":"product","2":"type-product","3":"status-publish","4":"has-post-thumbnail","6":"product_cat-zubehoer","7":"pa_brand-blaklaeder","8":"pa_brand-type-workwear","9":"pa_filter-color-schwarz","11":"first","12":"instock","13":"sale","14":"taxable","15":"shipping-taxable","16":"purchasable","17":"product-type-variable","18":"add-to-wishlist-before_image"},"exclude_global_add_ons":[],"addons":[],"acf":[],"_links":{"self":[{"href":"https:\/\/shop.kustom.ch\/en\/wp-json\/wp\/v2\/product\/695228"}],"collection":[{"href":"https:\/\/shop.kustom.ch\/en\/wp-json\/wp\/v2\/product"}],"about":[{"href":"https:\/\/shop.kustom.ch\/en\/wp-json\/wp\/v2\/types\/product"}],"wp:featuredmedia":[{"embeddable":true,"href":"https:\/\/shop.kustom.ch\/en\/wp-json\/wp\/v2\/media\/695234"}],"wp:attachment":[{"href":"https:\/\/shop.kustom.ch\/en\/wp-json\/wp\/v2\/media?parent=695228"}],"wp:term":[{"taxonomy":"product_brand","embeddable":true,"href":"https:\/\/shop.kustom.ch\/en\/wp-json\/wp\/v2\/product_brand?post=695228"},{"taxonomy":"product_cat","embeddable":true,"href":"https:\/\/shop.kustom.ch\/en\/wp-json\/wp\/v2\/product_cat?post=695228"},{"taxonomy":"product_tag","embeddable":true,"href":"https:\/\/shop.kustom.ch\/en\/wp-json\/wp\/v2\/product_tag?post=695228"}],"curies":[{"name":"wp","href":"https:\/\/api.w.org\/{rel}","templated":true}]}}