{"id":695218,"date":"2026-03-16T16:04:31","date_gmt":"2026-03-16T15:04:31","guid":{"rendered":"https:\/\/shop.kustom.ch\/?post_type=product&#038;p=695218"},"modified":"2026-03-31T08:43:59","modified_gmt":"2026-03-31T07:43:59","slug":"blaklaeder-toolrig-nagel-schraubentasche-2","status":"publish","type":"product","link":"https:\/\/shop.kustom.ch\/en\/product\/blaklaeder-toolrig-nagel-schraubentasche-2\/","title":{"rendered":"Bl\u00e5kl\u00e4der ToolRig\u2122 nail &amp; screw bag"},"content":{"rendered":"<p>A bag for equipment that offers plenty of space and organisation. The bag is easy to attach using the Bl\u00e5kl\u00e4der ToolRig\u2122 system and is suitable for both trousers and accessories, allowing effortless adjustments during the working day. The construction is robust and dimensionally stable so that the openings remain open and easily accessible. Two compartments make sorting easy: an inner compartment for stable storage of heavier materials and an outer compartment that allows quick access. Fill the bag with screws, plugs, nails or similar and you have a spacious and practical solution that allows you to work efficiently. Straps on the outside make it easy to attach additional accessories.<\/p>","protected":false},"excerpt":{"rendered":"<p>Eine Tasche f\u00fcr Material, die viel Platz und \u00dcbersichtlichkeit bietet. Die Tasche l\u00e4sst sich \u00fcber das Bl\u00e5kl\u00e4der ToolRig\u2122 System einfach befestigen und ist sowohl f\u00fcr Hosen als auch f\u00fcr Zubeh\u00f6r geeignet, was m\u00fchelose Anpassungen im Laufe des Arbeitstages erm\u00f6glicht. Die Konstruktion ist robust und formstabil, sodass die \u00d6ffnungen offen und leicht zug\u00e4nglich bleiben. Zwei F\u00e4cher [&hellip;]<\/p>\n","protected":false},"featured_media":695222,"template":"","meta":[],"product_brand":[],"product_cat":[4209],"product_tag":[],"class_list":{"0":"post-695218","1":"product","2":"type-product","3":"status-publish","4":"has-post-thumbnail","6":"product_cat-zubehoer","7":"pa_brand-blaklaeder","8":"pa_brand-type-workwear","9":"pa_filter-color-schwarz","11":"first","12":"instock","13":"sale","14":"taxable","15":"shipping-taxable","16":"purchasable","17":"product-type-variable","18":"add-to-wishlist-before_image"},"exclude_global_add_ons":[],"addons":[],"acf":[],"_links":{"self":[{"href":"https:\/\/shop.kustom.ch\/en\/wp-json\/wp\/v2\/product\/695218"}],"collection":[{"href":"https:\/\/shop.kustom.ch\/en\/wp-json\/wp\/v2\/product"}],"about":[{"href":"https:\/\/shop.kustom.ch\/en\/wp-json\/wp\/v2\/types\/product"}],"wp:featuredmedia":[{"embeddable":true,"href":"https:\/\/shop.kustom.ch\/en\/wp-json\/wp\/v2\/media\/695222"}],"wp:attachment":[{"href":"https:\/\/shop.kustom.ch\/en\/wp-json\/wp\/v2\/media?parent=695218"}],"wp:term":[{"taxonomy":"product_brand","embeddable":true,"href":"https:\/\/shop.kustom.ch\/en\/wp-json\/wp\/v2\/product_brand?post=695218"},{"taxonomy":"product_cat","embeddable":true,"href":"https:\/\/shop.kustom.ch\/en\/wp-json\/wp\/v2\/product_cat?post=695218"},{"taxonomy":"product_tag","embeddable":true,"href":"https:\/\/shop.kustom.ch\/en\/wp-json\/wp\/v2\/product_tag?post=695218"}],"curies":[{"name":"wp","href":"https:\/\/api.w.org\/{rel}","templated":true}]}}