{"id":695207,"date":"2026-03-16T16:03:41","date_gmt":"2026-03-16T15:03:41","guid":{"rendered":"https:\/\/shop.kustom.ch\/produkt\/blaklaeder-toolrig-hosentraeger-2\/"},"modified":"2026-03-31T08:43:56","modified_gmt":"2026-03-31T07:43:56","slug":"blaklaeder-toolrig-hosentraeger-2","status":"publish","type":"product","link":"https:\/\/shop.kustom.ch\/en\/product\/blaklaeder-toolrig-hosentraeger-2\/","title":{"rendered":"Bl\u00e5kl\u00e4der ToolRig\u2122 braces"},"content":{"rendered":"<p>For attachment to ToolRig\u2122 work trousers or the ToolRig\u2122 tool belt. Provides relief when carrying heavy tools and holds the trousers securely in position. The wide, strong straps distribute the weight evenly and the lockable metal hooks ensure secure attachment to the belt and trousers. The lightly padded shoulder sections ensure comfort and allow the length to be adjusted in seconds. A smart solution to make it easier to carry your equipment without having to use a harness.<\/p>","protected":false},"excerpt":{"rendered":"<p>Zur Befestigung an einer ToolRig\u2122 Arbeitshose oder dem ToolRig\u2122 Werkzeugg\u00fcrtel. Sorgt f\u00fcr Entlastung beim Tragen schwerer Werkzeuge und h\u00e4lt die Hose sicher in Position. Die breiten, starken Riemen verteilen das Gewicht gleichm\u00e4ssig und die verschliessbaren Metallhaken sorgen f\u00fcr eine sichere Befestigung an G\u00fcrtel und Hose. Die leicht gepolsterten Schulterpartien sorgen f\u00fcr Komfort und erm\u00f6glichen eine [&hellip;]<\/p>\n","protected":false},"featured_media":695206,"template":"","meta":[],"product_brand":[],"product_cat":[4209],"product_tag":[],"class_list":{"0":"post-695207","1":"product","2":"type-product","3":"status-publish","4":"has-post-thumbnail","6":"product_cat-zubehoer","7":"pa_brand-blaklaeder","8":"pa_brand-type-workwear","9":"pa_filter-color-schwarz","11":"first","12":"instock","13":"sale","14":"taxable","15":"shipping-taxable","16":"purchasable","17":"product-type-variable","18":"add-to-wishlist-before_image"},"exclude_global_add_ons":[],"addons":[],"acf":[],"_links":{"self":[{"href":"https:\/\/shop.kustom.ch\/en\/wp-json\/wp\/v2\/product\/695207"}],"collection":[{"href":"https:\/\/shop.kustom.ch\/en\/wp-json\/wp\/v2\/product"}],"about":[{"href":"https:\/\/shop.kustom.ch\/en\/wp-json\/wp\/v2\/types\/product"}],"wp:featuredmedia":[{"embeddable":true,"href":"https:\/\/shop.kustom.ch\/en\/wp-json\/wp\/v2\/media\/695206"}],"wp:attachment":[{"href":"https:\/\/shop.kustom.ch\/en\/wp-json\/wp\/v2\/media?parent=695207"}],"wp:term":[{"taxonomy":"product_brand","embeddable":true,"href":"https:\/\/shop.kustom.ch\/en\/wp-json\/wp\/v2\/product_brand?post=695207"},{"taxonomy":"product_cat","embeddable":true,"href":"https:\/\/shop.kustom.ch\/en\/wp-json\/wp\/v2\/product_cat?post=695207"},{"taxonomy":"product_tag","embeddable":true,"href":"https:\/\/shop.kustom.ch\/en\/wp-json\/wp\/v2\/product_tag?post=695207"}],"curies":[{"name":"wp","href":"https:\/\/api.w.org\/{rel}","templated":true}]}}