{"id":695182,"date":"2026-03-16T16:03:10","date_gmt":"2026-03-16T15:03:10","guid":{"rendered":"https:\/\/shop.kustom.ch\/?post_type=product&#038;p=695182"},"modified":"2026-03-31T08:43:03","modified_gmt":"2026-03-31T07:43:03","slug":"striker-sicherheitsschuh-s1ps","status":"publish","type":"product","link":"https:\/\/shop.kustom.ch\/en\/product\/striker-sicherheitsschuh-s1ps\/","title":{"rendered":"STRIKER safety shoe S1PS"},"content":{"rendered":"<p>A cool and airy quality sneaker. It has an exclusive textile upper with breathable inserts and additional reinforcement over the protective toe cap. The Freelock lacing system makes it easy to get in and out of the shoes. The neoprene tongue provides additional comfort. The shoe is equipped with a NANO toe cap, which is both lighter and stronger than other non-metallic materials. The soft and flexible nail penetration protection fulfils tough standards with thinner 3 mm nails. The innovative 3-layer sole construction provides unique shock absorption. The outsole is made of non-slip nitrile rubber, while the midsole consists of two PU layers with different densities for optimum function and comfort. The anatomically moulded insole is made of soft ETPU material and has a textile upper with excellent moisture absorption for optimum comfort. This shoe is ideal for work in construction, transport, maintenance, repair and operations. Women's last in sizes 35-39 - Innovative triple-density sole construction ensures unique shock absorption - Non-slip nitrile rubber outsole - Exclusive textile upper with breathable inserts - Neoprene tongue for extra comfort - Freelock lacing system on the side - Anatomically moulded insole made of soft ETPU - NANO toe cap - Lighter and stronger than other non-metallic materials - PS nail protection system<\/p>","protected":false},"excerpt":{"rendered":"<p>Ein cooler und luftiger Qualit\u00e4tssneaker. Er verf\u00fcgt \u00fcber ein exklusives Textilobermaterial mit atmungsaktiven Eins\u00e4tzen und einer zus\u00e4tzlichen Verst\u00e4rkung \u00fcber der Zehenschutzkappe. Das Freelock-Schn\u00fcrsystem erm\u00f6glicht einen einfachen Ein- und Ausstieg aus den Schuhen. Die Zunge aus Neopren sorgt f\u00fcr zus\u00e4tzlichen Komfort. Der Schuh ist mit einer NANO-Zehenschutzkappe ausgestattet, die sowohl leichter als auch st\u00e4rker ist als [&hellip;]<\/p>\n","protected":false},"featured_media":695183,"template":"","meta":[],"product_brand":[],"product_cat":[4197],"product_tag":[],"class_list":{"0":"post-695182","1":"product","2":"type-product","3":"status-publish","4":"has-post-thumbnail","6":"product_cat-schuhe-sandalen","7":"pa_brand-blaklaeder","8":"pa_brand-type-workwear","9":"pa_filter-color-grau","10":"pa_filter-color-schwarz","12":"first","13":"instock","14":"sale","15":"taxable","16":"shipping-taxable","17":"purchasable","18":"product-type-variable","19":"add-to-wishlist-before_image"},"exclude_global_add_ons":[],"addons":[],"acf":[],"_links":{"self":[{"href":"https:\/\/shop.kustom.ch\/en\/wp-json\/wp\/v2\/product\/695182"}],"collection":[{"href":"https:\/\/shop.kustom.ch\/en\/wp-json\/wp\/v2\/product"}],"about":[{"href":"https:\/\/shop.kustom.ch\/en\/wp-json\/wp\/v2\/types\/product"}],"wp:featuredmedia":[{"embeddable":true,"href":"https:\/\/shop.kustom.ch\/en\/wp-json\/wp\/v2\/media\/695183"}],"wp:attachment":[{"href":"https:\/\/shop.kustom.ch\/en\/wp-json\/wp\/v2\/media?parent=695182"}],"wp:term":[{"taxonomy":"product_brand","embeddable":true,"href":"https:\/\/shop.kustom.ch\/en\/wp-json\/wp\/v2\/product_brand?post=695182"},{"taxonomy":"product_cat","embeddable":true,"href":"https:\/\/shop.kustom.ch\/en\/wp-json\/wp\/v2\/product_cat?post=695182"},{"taxonomy":"product_tag","embeddable":true,"href":"https:\/\/shop.kustom.ch\/en\/wp-json\/wp\/v2\/product_tag?post=695182"}],"curies":[{"name":"wp","href":"https:\/\/api.w.org\/{rel}","templated":true}]}}