{"id":695100,"date":"2026-03-16T16:01:44","date_gmt":"2026-03-16T15:01:44","guid":{"rendered":"https:\/\/shop.kustom.ch\/?post_type=product&#038;p=695100"},"modified":"2026-03-31T08:41:13","modified_gmt":"2026-03-31T07:41:13","slug":"titan-sicherheitsstiefel-s3l","status":"publish","type":"product","link":"https:\/\/shop.kustom.ch\/en\/product\/titan-sicherheitsstiefel-s3l\/","title":{"rendered":"TITAN safety boots S3L"},"content":{"rendered":"<p>A comfortable, stable and robust safety boot with an upper made of water-repellent and hard-wearing microfibre. The boot protects the foot with a composite toe cap and an elasticated, puncture-resistant textile midsole in accordance with the PL standard. The boot has a slip-resistant PU outsole and the PU midsole ensures optimum shock absorption. The insole offers anatomical support and is made of soft PU material covered with textile and has good moisture absorption. Ideal for work in construction and transport, maintenance, repair and operations. Women's last in sizes 35-39 Upper made of water-repellent and hard-wearing microfibre Metal-free composite toe cap Elastic, puncture-resistant textile midsole in accordance with PL standard Anatomical support of the insole made of soft, shock-absorbing PU with a moisture-absorbing textile surface Slip-resistant PU outsole<\/p>","protected":false},"excerpt":{"rendered":"<p>Ein bequemer, stabiler und robuster Sicherheitsstiefel mit einem Obermaterial aus wasserabweisender und strapazierf\u00e4higer Mikrofaser. Der Stiefel sch\u00fctzt den Fuss durch eine Komposit-Zehenschutzkappe und eine elastische, durchtrittsichere Zwischensohle aus Textil nach PL-Norm. Der Stiefel besteht aus einer rutschhemmenden Laufsohle aus PU, die Zwischensohle aus PU sorgt f\u00fcr eine optimale Stossd\u00e4mpfung. Die Innensohle bietet eine anatomische Unterst\u00fctzung [&hellip;]<\/p>\n","protected":false},"featured_media":695116,"template":"","meta":[],"product_brand":[],"product_cat":[4197],"product_tag":[],"class_list":{"0":"post-695100","1":"product","2":"type-product","3":"status-publish","4":"has-post-thumbnail","6":"product_cat-schuhe-sandalen","7":"pa_brand-blaklaeder","8":"pa_brand-type-workwear","9":"pa_filter-color-schwarz","11":"first","12":"instock","13":"sale","14":"taxable","15":"shipping-taxable","16":"purchasable","17":"product-type-variable","18":"add-to-wishlist-before_image"},"exclude_global_add_ons":[],"addons":[],"acf":[],"_links":{"self":[{"href":"https:\/\/shop.kustom.ch\/en\/wp-json\/wp\/v2\/product\/695100"}],"collection":[{"href":"https:\/\/shop.kustom.ch\/en\/wp-json\/wp\/v2\/product"}],"about":[{"href":"https:\/\/shop.kustom.ch\/en\/wp-json\/wp\/v2\/types\/product"}],"wp:featuredmedia":[{"embeddable":true,"href":"https:\/\/shop.kustom.ch\/en\/wp-json\/wp\/v2\/media\/695116"}],"wp:attachment":[{"href":"https:\/\/shop.kustom.ch\/en\/wp-json\/wp\/v2\/media?parent=695100"}],"wp:term":[{"taxonomy":"product_brand","embeddable":true,"href":"https:\/\/shop.kustom.ch\/en\/wp-json\/wp\/v2\/product_brand?post=695100"},{"taxonomy":"product_cat","embeddable":true,"href":"https:\/\/shop.kustom.ch\/en\/wp-json\/wp\/v2\/product_cat?post=695100"},{"taxonomy":"product_tag","embeddable":true,"href":"https:\/\/shop.kustom.ch\/en\/wp-json\/wp\/v2\/product_tag?post=695100"}],"curies":[{"name":"wp","href":"https:\/\/api.w.org\/{rel}","templated":true}]}}