{"id":695066,"date":"2026-03-16T16:01:07","date_gmt":"2026-03-16T15:01:07","guid":{"rendered":"https:\/\/shop.kustom.ch\/?post_type=product&#038;p=695066"},"modified":"2026-03-31T08:41:05","modified_gmt":"2026-03-31T07:41:05","slug":"mover-sicherheitsschuh-s1pl","status":"publish","type":"product","link":"https:\/\/shop.kustom.ch\/en\/product\/mover-sicherheitsschuh-s1pl\/","title":{"rendered":"MOVER safety shoe S1PL"},"content":{"rendered":"<p>A lightweight, airy and comfortable safety shoe. The breathable textile upper keeps your feet cool and comfortable. The metal-free shoe protects the foot with a composite toe cap and an elasticated, puncture-resistant textile midsole in accordance with the PL standard. The shoe has a slip-resistant PU outsole and the PU midsole ensures optimum shock absorption. The insole offers anatomical support and is made of soft PU material covered with textile and has good moisture absorption. Ideal for warehousing, service, logistics and industry. Women's last in sizes 35-39. Breathable mesh upper Metal-free composite toe cap Elasticated, puncture-resistant textile midsole in accordance with PL standard Anatomical support of the insole made of soft, shock-absorbing PU with a moisture-absorbing textile surface Slip-resistant PU outsole<\/p>","protected":false},"excerpt":{"rendered":"<p>Ein leichter, luftiger und bequemer Sicherheitsschuh. Das atmungsaktive Obermaterial aus Textil h\u00e4lt deine F\u00fcsse k\u00fchl und sorgt f\u00fcr Tragekomfort. Der metallfreie Schuh sch\u00fctzt den Fuss durch eine Zehenschutzkappe aus Komposit und eine elastische, durchtrittsichere Zwischensohle aus Textil nach PL-Norm. Der Schuh besteht aus einer rutschhemmenden Laufsohle aus PU und die Zwischensohle aus PU sorgt f\u00fcr [&hellip;]<\/p>\n","protected":false},"featured_media":695069,"template":"","meta":[],"product_brand":[],"product_cat":[4197],"product_tag":[],"class_list":{"0":"post-695066","1":"product","2":"type-product","3":"status-publish","4":"has-post-thumbnail","6":"product_cat-schuhe-sandalen","7":"pa_brand-blaklaeder","8":"pa_brand-type-workwear","9":"pa_filter-color-schwarz","11":"first","12":"instock","13":"sale","14":"taxable","15":"shipping-taxable","16":"purchasable","17":"product-type-variable","18":"add-to-wishlist-before_image"},"exclude_global_add_ons":[],"addons":[],"acf":[],"_links":{"self":[{"href":"https:\/\/shop.kustom.ch\/en\/wp-json\/wp\/v2\/product\/695066"}],"collection":[{"href":"https:\/\/shop.kustom.ch\/en\/wp-json\/wp\/v2\/product"}],"about":[{"href":"https:\/\/shop.kustom.ch\/en\/wp-json\/wp\/v2\/types\/product"}],"wp:featuredmedia":[{"embeddable":true,"href":"https:\/\/shop.kustom.ch\/en\/wp-json\/wp\/v2\/media\/695069"}],"wp:attachment":[{"href":"https:\/\/shop.kustom.ch\/en\/wp-json\/wp\/v2\/media?parent=695066"}],"wp:term":[{"taxonomy":"product_brand","embeddable":true,"href":"https:\/\/shop.kustom.ch\/en\/wp-json\/wp\/v2\/product_brand?post=695066"},{"taxonomy":"product_cat","embeddable":true,"href":"https:\/\/shop.kustom.ch\/en\/wp-json\/wp\/v2\/product_cat?post=695066"},{"taxonomy":"product_tag","embeddable":true,"href":"https:\/\/shop.kustom.ch\/en\/wp-json\/wp\/v2\/product_tag?post=695066"}],"curies":[{"name":"wp","href":"https:\/\/api.w.org\/{rel}","templated":true}]}}