{"id":695047,"date":"2026-03-16T16:00:44","date_gmt":"2026-03-16T15:00:44","guid":{"rendered":"https:\/\/shop.kustom.ch\/?post_type=product&#038;p=695047"},"modified":"2026-03-31T08:40:46","modified_gmt":"2026-03-31T07:40:46","slug":"breeze-damen-arbeitsschuh-o6-wasserdicht","status":"publish","type":"product","link":"https:\/\/shop.kustom.ch\/en\/product\/breeze-damen-arbeitsschuh-o6-wasserdicht\/","title":{"rendered":"BREEZE ladies work shoe O6 waterproof"},"content":{"rendered":"<p>A lightweight, flexible and waterproof sneaker with ultimate comfort. Water-repellent textile and nubuck leather uppers and a microporous membrane keep feet dry even in unfavourable weather. The side Freelock system makes it easier to put on and take off the shoes during the day. The last offers anatomical support for an optimum fit and a high level of comfort all day long. The PU midsole ensures optimum shock absorption, while the slim, non-slip outsole made of nitrile rubber offers the best durability on various surfaces. A soft PU insole made of high-quality leather ensures excellent moisture management and therefore a fresh and comfortable foot climate all day long. Available in sizes 35-42 Microporous membrane makes the sneaker waterproof Upper made of water-repellent textile and nubuck leather Freelock system on the side for easy on and off Anatomically shaped for a perfect fit and all-day comfort Lightweight PU midsole for improved shock absorption Luxurious PU and leather insole for excellent moisture management Thin, non-slip outsole made of nitrile rubber for a secure grip<\/p>","protected":false},"excerpt":{"rendered":"<p>Ein leichter, flexibler und wasserdichter Sneaker mit ultimativem Komfort. Wasserabweisendes Obermaterial aus Textil und Nubukleder und eine mikropor\u00f6se Membran halten die F\u00fcsse auch bei ung\u00fcnstigem Wetter trocken. Das seitliche Freelock-System erleichtert das An- und Ausziehen der Schuhe im Laufe des Tages. Der Leisten bietet anatomische Unterst\u00fctzung f\u00fcr eine optimale Passform und hohen Tragekomfort den ganzen [&hellip;]<\/p>\n","protected":false},"featured_media":695057,"template":"","meta":[],"product_brand":[],"product_cat":[4197],"product_tag":[],"class_list":{"0":"post-695047","1":"product","2":"type-product","3":"status-publish","4":"has-post-thumbnail","6":"product_cat-schuhe-sandalen","7":"pa_brand-blaklaeder","8":"pa_brand-type-workwear","9":"pa_filter-color-schwarz","11":"first","12":"instock","13":"sale","14":"taxable","15":"shipping-taxable","16":"purchasable","17":"product-type-variable","18":"add-to-wishlist-before_image"},"exclude_global_add_ons":[],"addons":[],"acf":[],"_links":{"self":[{"href":"https:\/\/shop.kustom.ch\/en\/wp-json\/wp\/v2\/product\/695047"}],"collection":[{"href":"https:\/\/shop.kustom.ch\/en\/wp-json\/wp\/v2\/product"}],"about":[{"href":"https:\/\/shop.kustom.ch\/en\/wp-json\/wp\/v2\/types\/product"}],"wp:featuredmedia":[{"embeddable":true,"href":"https:\/\/shop.kustom.ch\/en\/wp-json\/wp\/v2\/media\/695057"}],"wp:attachment":[{"href":"https:\/\/shop.kustom.ch\/en\/wp-json\/wp\/v2\/media?parent=695047"}],"wp:term":[{"taxonomy":"product_brand","embeddable":true,"href":"https:\/\/shop.kustom.ch\/en\/wp-json\/wp\/v2\/product_brand?post=695047"},{"taxonomy":"product_cat","embeddable":true,"href":"https:\/\/shop.kustom.ch\/en\/wp-json\/wp\/v2\/product_cat?post=695047"},{"taxonomy":"product_tag","embeddable":true,"href":"https:\/\/shop.kustom.ch\/en\/wp-json\/wp\/v2\/product_tag?post=695047"}],"curies":[{"name":"wp","href":"https:\/\/api.w.org\/{rel}","templated":true}]}}