{"id":695007,"date":"2026-03-16T15:59:07","date_gmt":"2026-03-16T14:59:07","guid":{"rendered":"https:\/\/shop.kustom.ch\/?post_type=product&#038;p=695007"},"modified":"2026-03-31T08:38:34","modified_gmt":"2026-03-31T07:38:34","slug":"muetze","status":"publish","type":"product","link":"https:\/\/shop.kustom.ch\/en\/product\/muetze\/","title":{"rendered":"Cap"},"content":{"rendered":"<p>Elastic and warming beanie with a grid structure that provides good insulation and effective moisture management, making it suitable for working in cold and changeable conditions - whether worn on its own or under a helmet or hood. Available in two sizes for an optimal fit.<\/p>\n<p>95% polyester, 5% elastane, grid fleece, 265g\/m\u00b2<\/p>","protected":false},"excerpt":{"rendered":"<p>Elastische und w\u00e4rmende M\u00fctze mit Gitterstruktur, die eine gute Isolierung und ein effektives Feuchtigkeitsmanagement schafft, wodurch sie sich f\u00fcr Arbeiten bei kalten und wechselnden Bedingungen eignet &#8211; sowohl f\u00fcr das alleinige Tragen als auch unter einem Helm oder einer Kapuze. Erh\u00e4ltlich in zwei Gr\u00f6ssen f\u00fcr eine optimale Passform. 95% Polyester, 5% Elastan, Gittervlies, 265g\/m\u00b2<\/p>","protected":false},"featured_media":695011,"template":"","meta":[],"product_brand":[],"product_cat":[4209],"product_tag":[],"class_list":{"0":"post-695007","1":"product","2":"type-product","3":"status-publish","4":"has-post-thumbnail","6":"product_cat-zubehoer","7":"pa_brand-blaklaeder","8":"pa_brand-type-workwear","9":"pa_filter-color-blau","10":"pa_filter-color-gruen","11":"pa_filter-color-schwarz","13":"first","14":"instock","15":"sale","16":"taxable","17":"shipping-taxable","18":"purchasable","19":"product-type-variable","20":"add-to-wishlist-before_image"},"exclude_global_add_ons":[],"addons":[],"acf":[],"_links":{"self":[{"href":"https:\/\/shop.kustom.ch\/en\/wp-json\/wp\/v2\/product\/695007"}],"collection":[{"href":"https:\/\/shop.kustom.ch\/en\/wp-json\/wp\/v2\/product"}],"about":[{"href":"https:\/\/shop.kustom.ch\/en\/wp-json\/wp\/v2\/types\/product"}],"wp:featuredmedia":[{"embeddable":true,"href":"https:\/\/shop.kustom.ch\/en\/wp-json\/wp\/v2\/media\/695011"}],"wp:attachment":[{"href":"https:\/\/shop.kustom.ch\/en\/wp-json\/wp\/v2\/media?parent=695007"}],"wp:term":[{"taxonomy":"product_brand","embeddable":true,"href":"https:\/\/shop.kustom.ch\/en\/wp-json\/wp\/v2\/product_brand?post=695007"},{"taxonomy":"product_cat","embeddable":true,"href":"https:\/\/shop.kustom.ch\/en\/wp-json\/wp\/v2\/product_cat?post=695007"},{"taxonomy":"product_tag","embeddable":true,"href":"https:\/\/shop.kustom.ch\/en\/wp-json\/wp\/v2\/product_tag?post=695007"}],"curies":[{"name":"wp","href":"https:\/\/api.w.org\/{rel}","templated":true}]}}