{"id":694936,"date":"2026-03-16T15:58:27","date_gmt":"2026-03-16T14:58:27","guid":{"rendered":"https:\/\/shop.kustom.ch\/?post_type=product&#038;p=694936"},"modified":"2026-03-31T08:37:41","modified_gmt":"2026-03-31T07:37:41","slug":"blaklaeder-toolrig-handwerker-arbeitshose-stretch-2","status":"publish","type":"product","link":"https:\/\/shop.kustom.ch\/en\/product\/blaklaeder-toolrig-handwerker-arbeitshose-stretch-2\/","title":{"rendered":"Bl\u00e5kl\u00e4der ToolRig\u2122 craftsman work trousers stretch"},"content":{"rendered":"<p>Developed for effective work and optimum freedom of movement. Robust CORDURA\u00ae denim material combined with smart stretch inserts at the crotch and calves for optimum freedom of movement. Knee pad pockets made of CORDURA\u00ae stretch with an opening at the top allow you to work comfortably on your knees without restricting your freedom of movement. The pockets are reinforced with CORDURA\u00ae and can withstand daily wear and tear. The ToolRig\u2122 belt runs 360\u00b0 around the waist so that pockets and accessories can be moved freely. ToolRig\u2122 tool pouches and a hammer holder are included. For heavier equipment, a ToolRig\u2122 harness or braces can be attached to the loops provided. Robust CORDURA\u00ae denim material with stretch inserts ToolRig\u2122 belt 360\u00b0 around the waist - pockets and accessories can be moved freely ToolRig\u2122 tool pockets and hammer holder included. Loops for ToolRig\u2122 braces\/harness for better ergonomics and load distribution Stretch inserts at the crotch and calves for optimum freedom of movement CORDURA\u00ae stretch knee pad pockets with opening at the top for greater comfort when working on the knees Pockets reinforced with CORDURA\u00ae for improved robustness<\/p>\n<p>55% cotton, 15% polyamide, 30% polyester, denim, coated, CORDURA\u00ae denim, stretch, 340 g\/m\u00b2<\/p>","protected":false},"excerpt":{"rendered":"<p>Entwickelt f\u00fcr effektives Arbeiten und optimale Bewegungsfreiheit. Robustes CORDURA\u00ae-Denim-Material kombiniert mit smarten Stretch-Eins\u00e4tzen im Schritt und an den Waden f\u00fcr optimale Bewegungsfreiheit. Kniepolstertaschen aus CORDURA\u00ae-Stretch mit \u00d6ffnung an der Oberseite erm\u00f6glichen ein bequemes Arbeiten im Knien, ohne die Bewegungsfreiheit einzuschr\u00e4nken. Die Taschen sind mit CORDURA\u00ae verst\u00e4rkt und halten den t\u00e4glichen Beanspruchungen stand. Der ToolRig\u2122 G\u00fcrtel [&hellip;]<\/p>\n","protected":false},"featured_media":694951,"template":"","meta":[],"product_brand":[],"product_cat":[4185],"product_tag":[],"class_list":{"0":"post-694936","1":"product","2":"type-product","3":"status-publish","4":"has-post-thumbnail","6":"product_cat-hosen","7":"pa_brand-blaklaeder","8":"pa_brand-type-workwear","9":"pa_filter-color-blau","10":"pa_filter-color-schwarz","12":"first","13":"instock","14":"sale","15":"taxable","16":"shipping-taxable","17":"purchasable","18":"product-type-variable","19":"add-to-wishlist-before_image"},"exclude_global_add_ons":[],"addons":[],"acf":[],"_links":{"self":[{"href":"https:\/\/shop.kustom.ch\/en\/wp-json\/wp\/v2\/product\/694936"}],"collection":[{"href":"https:\/\/shop.kustom.ch\/en\/wp-json\/wp\/v2\/product"}],"about":[{"href":"https:\/\/shop.kustom.ch\/en\/wp-json\/wp\/v2\/types\/product"}],"wp:featuredmedia":[{"embeddable":true,"href":"https:\/\/shop.kustom.ch\/en\/wp-json\/wp\/v2\/media\/694951"}],"wp:attachment":[{"href":"https:\/\/shop.kustom.ch\/en\/wp-json\/wp\/v2\/media?parent=694936"}],"wp:term":[{"taxonomy":"product_brand","embeddable":true,"href":"https:\/\/shop.kustom.ch\/en\/wp-json\/wp\/v2\/product_brand?post=694936"},{"taxonomy":"product_cat","embeddable":true,"href":"https:\/\/shop.kustom.ch\/en\/wp-json\/wp\/v2\/product_cat?post=694936"},{"taxonomy":"product_tag","embeddable":true,"href":"https:\/\/shop.kustom.ch\/en\/wp-json\/wp\/v2\/product_tag?post=694936"}],"curies":[{"name":"wp","href":"https:\/\/api.w.org\/{rel}","templated":true}]}}