{"id":694837,"date":"2026-03-16T15:57:53","date_gmt":"2026-03-16T14:57:53","guid":{"rendered":"https:\/\/shop.kustom.ch\/?post_type=product&#038;p=694837"},"modified":"2026-03-31T08:37:34","modified_gmt":"2026-03-31T07:37:34","slug":"blaklaeder-toolrig-striker-handwerker-arbeitshose-4-wege-stretch","status":"publish","type":"product","link":"https:\/\/shop.kustom.ch\/en\/product\/blaklaeder-toolrig-striker-handwerker-arbeitshose-4-wege-stretch\/","title":{"rendered":"Bl\u00e5kl\u00e4der ToolRig\u2122 STRIKER craftsman work trousers 4-way stretch"},"content":{"rendered":"<p>For anyone who wants durability, freedom of movement and an intelligent system. The main material made of CORDURA\u00ae 4-way stretch follows your every move, while COOLMAX\u00ae on the inside wicks away moisture and keeps you dry and pleasantly cool even during hard work. Ventilation inserts with zip on the outside of the legs ensure even finer temperature regulation. The ToolRig\u2122 belt runs 360\u00b0 around the waist so that pockets and accessories can be moved freely. Tool pockets and a hammer holder are included. For heavier loads, you can simply attach ToolRig\u2122 braces or harnesses to the loops provided. The pre-shaped knees ensure greater freedom of movement and comfort when kneeling. The high waist at the back guarantees high wearing comfort all day long. The knee pockets made of CORDURA\u00ae stretch dobby can withstand daily wear and tear without sacrificing flexibility. Discreet black reflective details on the back improve visibility. Details such as a reinforced folding rule pocket, an additional pocket and a pen pocket show what premium quality means in practice. Main material made of CORDURA\u00ae 4-way stretch for durability and mobility COOLMAX\u00ae on the inside for moisture transport and quick drying ToolRig\u2122 belt 360\u00b0 around the waist Tool pockets and hammer holder included. Loops for ToolRig\u2122 straps\/harness for better ergonomics and load distribution Knee pad pockets made from CORDURA\u00ae stretch dobby Tool pockets reinforced with CORDURA\u00ae Ventilation inserts with zip on the outside of the leg Pre-shaped knees for greater mobility and comfort when kneeling and a higher waist in the back Black reflective details on the back of the leg<\/p>\n<p>53% polyamide, 40% polyester, 7% elastane, double-face material, 4-way stretch, 236 g\/m\u00b2<\/p>","protected":false},"excerpt":{"rendered":"<p>F\u00fcr alle, die sich Haltbarkeit, Bewegungsfreiheit und ein intelligentes System w\u00fcnschen. Das Hauptmaterial aus CORDURA\u00ae 4-Wege-Stretch folgt jeder Bewegung, w\u00e4hrend COOLMAX\u00ae an der Innenseite Feuchtigkeit ableitet und dich auch bei harter Arbeit trocken und angenehm k\u00fchl h\u00e4lt. Bel\u00fcftungseins\u00e4tze mit Reissverschluss an der Aussenseite der Beine sorgen f\u00fcr eine noch feinere Temperaturregulierung. Der ToolRig\u2122 G\u00fcrtel verl\u00e4uft [&hellip;]<\/p>\n","protected":false},"featured_media":694838,"template":"","meta":[],"product_brand":[],"product_cat":[4185],"product_tag":[],"class_list":{"0":"post-694837","1":"product","2":"type-product","3":"status-publish","4":"has-post-thumbnail","6":"product_cat-hosen","7":"pa_brand-blaklaeder","8":"pa_brand-type-workwear","9":"pa_filter-color-blau","10":"pa_filter-color-gelb","11":"pa_filter-color-gruen","12":"pa_filter-color-orange","13":"pa_filter-color-schwarz","15":"first","16":"instock","17":"sale","18":"taxable","19":"shipping-taxable","20":"purchasable","21":"product-type-variable","22":"add-to-wishlist-before_image"},"exclude_global_add_ons":[],"addons":[],"acf":[],"_links":{"self":[{"href":"https:\/\/shop.kustom.ch\/en\/wp-json\/wp\/v2\/product\/694837"}],"collection":[{"href":"https:\/\/shop.kustom.ch\/en\/wp-json\/wp\/v2\/product"}],"about":[{"href":"https:\/\/shop.kustom.ch\/en\/wp-json\/wp\/v2\/types\/product"}],"wp:featuredmedia":[{"embeddable":true,"href":"https:\/\/shop.kustom.ch\/en\/wp-json\/wp\/v2\/media\/694838"}],"wp:attachment":[{"href":"https:\/\/shop.kustom.ch\/en\/wp-json\/wp\/v2\/media?parent=694837"}],"wp:term":[{"taxonomy":"product_brand","embeddable":true,"href":"https:\/\/shop.kustom.ch\/en\/wp-json\/wp\/v2\/product_brand?post=694837"},{"taxonomy":"product_cat","embeddable":true,"href":"https:\/\/shop.kustom.ch\/en\/wp-json\/wp\/v2\/product_cat?post=694837"},{"taxonomy":"product_tag","embeddable":true,"href":"https:\/\/shop.kustom.ch\/en\/wp-json\/wp\/v2\/product_tag?post=694837"}],"curies":[{"name":"wp","href":"https:\/\/api.w.org\/{rel}","templated":true}]}}