{"id":694802,"date":"2026-03-16T15:57:03","date_gmt":"2026-03-16T14:57:03","guid":{"rendered":"https:\/\/shop.kustom.ch\/?post_type=product&#038;p=694802"},"modified":"2026-03-31T08:34:50","modified_gmt":"2026-03-31T07:34:50","slug":"high-vis-malerhose","status":"publish","type":"product","link":"https:\/\/shop.kustom.ch\/en\/product\/high-vis-malerhose\/","title":{"rendered":"High Vis painter's trousers"},"content":{"rendered":"<p>Comfortable, lightweight painter's trousers made from thin 2-way stretch fabric with 4-way stretch panels for comfort and mobility. These modern painter's trousers have been designed with Class 1 High Vis properties and segmented reflective details to provide basic protection in high-risk environments. The trousers feature fixed tool pockets, reinforced accessory pockets and a specially designed reinforced filler pocket. The bottom-fill CORDURA\u00ae stretch knee pad pocket provides reliable durability and flexibility all day long.<\/p>\n<p>63% polyester, 33% cotton, 4% Elastofin, twill, stretch, 260 g\/m\u00b2<\/p>","protected":false},"excerpt":{"rendered":"<p>Eine bequeme, leichte Malerhose aus d\u00fcnnem 2-Wege-Stretch-Gewebe mit 4-Wege-Stretch-Eins\u00e4tzen, die f\u00fcr Komfort und Mobilit\u00e4t sorgen. Diese moderne Malerhose wurde mit High Vis Eigenschaften der Klasse 1 und segmentierten reflektierenden Details entwickelt, die einen grundlegenden Schutz in risikoreichen Umgebungen bieten. Die Hose verf\u00fcgt \u00fcber feste Werkzeugtaschen, verst\u00e4rkte Zubeh\u00f6rtschen und eine speziell entwickelte, verst\u00e4rkte Spachteltasche. Die von [&hellip;]<\/p>\n","protected":false},"featured_media":694803,"template":"","meta":[],"product_brand":[],"product_cat":[4185],"product_tag":[],"class_list":{"0":"post-694802","1":"product","2":"type-product","3":"status-publish","4":"has-post-thumbnail","6":"product_cat-hosen","7":"pa_brand-blaklaeder","8":"pa_brand-type-workwear","9":"pa_filter-color-gelb","11":"first","12":"instock","13":"sale","14":"taxable","15":"shipping-taxable","16":"purchasable","17":"product-type-variable","18":"add-to-wishlist-before_image"},"exclude_global_add_ons":[],"addons":[],"acf":[],"_links":{"self":[{"href":"https:\/\/shop.kustom.ch\/en\/wp-json\/wp\/v2\/product\/694802"}],"collection":[{"href":"https:\/\/shop.kustom.ch\/en\/wp-json\/wp\/v2\/product"}],"about":[{"href":"https:\/\/shop.kustom.ch\/en\/wp-json\/wp\/v2\/types\/product"}],"wp:featuredmedia":[{"embeddable":true,"href":"https:\/\/shop.kustom.ch\/en\/wp-json\/wp\/v2\/media\/694803"}],"wp:attachment":[{"href":"https:\/\/shop.kustom.ch\/en\/wp-json\/wp\/v2\/media?parent=694802"}],"wp:term":[{"taxonomy":"product_brand","embeddable":true,"href":"https:\/\/shop.kustom.ch\/en\/wp-json\/wp\/v2\/product_brand?post=694802"},{"taxonomy":"product_cat","embeddable":true,"href":"https:\/\/shop.kustom.ch\/en\/wp-json\/wp\/v2\/product_cat?post=694802"},{"taxonomy":"product_tag","embeddable":true,"href":"https:\/\/shop.kustom.ch\/en\/wp-json\/wp\/v2\/product_tag?post=694802"}],"curies":[{"name":"wp","href":"https:\/\/api.w.org\/{rel}","templated":true}]}}