{"id":694773,"date":"2026-03-16T15:56:50","date_gmt":"2026-03-16T14:56:50","guid":{"rendered":"https:\/\/shop.kustom.ch\/?post_type=product&#038;p=694773"},"modified":"2026-03-31T08:34:34","modified_gmt":"2026-03-31T07:34:34","slug":"blaklaeder-toolrig-handwerker-arbeitshose-stretch","status":"publish","type":"product","link":"https:\/\/shop.kustom.ch\/en\/product\/blaklaeder-toolrig-handwerker-arbeitshose-stretch\/","title":{"rendered":"Bl\u00e5kl\u00e4der ToolRig\u2122 craftsman work trousers stretch"},"content":{"rendered":"<p>Comfortable and lightweight craftsman trousers in 2-way stretch with 4-way stretch inserts where maximum freedom of movement is required. The ToolRig\u2122 belt runs 360\u00b0 around the waist so that pockets and accessories can be moved freely. This model is supplied without pockets. You can add ToolRig\u2122 tool pouches and ToolRig\u2122 sliders to create your own tool belt. For kneeling work, there are knee pad pockets made of reinforced CORDURA\u00ae stretch, which guarantee both protection and freedom of movement. Pre-shaped knees ensure greater mobility and comfort when kneeling. Reflective details on the legs improve visibility in low light conditions. 2-way stretch combined with 4-way stretch inserts ToolRig\u2122 belt 360\u00b0 around the waist - pockets and accessories can be moved freely Add ToolRig\u2122 tool pockets and ToolRig\u2122 sliders as required Loops for ToolRig\u2122 straps\/harness for better ergonomics and load distribution Knee pad pockets made of reinforced CORDURA\u00ae stretch Pre-shaped knees for better mobility and more comfort when kneeling Black reflective details on the back of the legs<\/p>\n<p>63% polyester, 33% cotton, 4% Elastofin, twill, stretch, 260 g\/m\u00b2<\/p>","protected":false},"excerpt":{"rendered":"<p>Bequeme und leichte Handwerkerhose aus 2-Wege-Stretch mit Eins\u00e4tzen aus 4-Wege-Stretch an den Stellen, wo maximale Bewegungsfreiheit ben\u00f6tigt wird. Der ToolRig\u2122 G\u00fcrtel verl\u00e4uft 360\u00b0 um die Taille, sodass Taschen und Zubeh\u00f6r frei bewegt werden k\u00f6nnen. Dieses Modell wird ohne Taschen geliefert. Du kannst ToolRig\u2122 Werkzeugtaschen und ToolRig\u2122 Schieber hinzuf\u00fcgen, um deinen eigenen Werkzeugg\u00fcrtel zusammenzustellen. F\u00fcr das [&hellip;]<\/p>\n","protected":false},"featured_media":694774,"template":"","meta":[],"product_brand":[],"product_cat":[4185],"product_tag":[],"class_list":{"0":"post-694773","1":"product","2":"type-product","3":"status-publish","4":"has-post-thumbnail","6":"product_cat-hosen","7":"pa_brand-blaklaeder","8":"pa_brand-type-workwear","9":"pa_filter-color-blau","11":"first","12":"instock","13":"sale","14":"taxable","15":"shipping-taxable","16":"purchasable","17":"product-type-variable","18":"add-to-wishlist-before_image"},"exclude_global_add_ons":[],"addons":[],"acf":[],"_links":{"self":[{"href":"https:\/\/shop.kustom.ch\/en\/wp-json\/wp\/v2\/product\/694773"}],"collection":[{"href":"https:\/\/shop.kustom.ch\/en\/wp-json\/wp\/v2\/product"}],"about":[{"href":"https:\/\/shop.kustom.ch\/en\/wp-json\/wp\/v2\/types\/product"}],"wp:featuredmedia":[{"embeddable":true,"href":"https:\/\/shop.kustom.ch\/en\/wp-json\/wp\/v2\/media\/694774"}],"wp:attachment":[{"href":"https:\/\/shop.kustom.ch\/en\/wp-json\/wp\/v2\/media?parent=694773"}],"wp:term":[{"taxonomy":"product_brand","embeddable":true,"href":"https:\/\/shop.kustom.ch\/en\/wp-json\/wp\/v2\/product_brand?post=694773"},{"taxonomy":"product_cat","embeddable":true,"href":"https:\/\/shop.kustom.ch\/en\/wp-json\/wp\/v2\/product_cat?post=694773"},{"taxonomy":"product_tag","embeddable":true,"href":"https:\/\/shop.kustom.ch\/en\/wp-json\/wp\/v2\/product_tag?post=694773"}],"curies":[{"name":"wp","href":"https:\/\/api.w.org\/{rel}","templated":true}]}}